{"id":273,"date":"2017-04-27T11:29:32","date_gmt":"2017-04-27T09:29:32","guid":{"rendered":"http:\/\/sriss.uniroma3.it\/?page_id=273"},"modified":"2017-04-27T11:29:32","modified_gmt":"2017-04-27T09:29:32","slug":"events","status":"publish","type":"page","link":"https:\/\/bacheca.uniroma3.it\/sriss\/shakespeares-rome-project\/events\/","title":{"rendered":"Events"},"content":{"rendered":"<p>26-27 May 2005.\u00a0 \u201c<strong><a href=\"https:\/\/bacheca.uniroma3.it\/sriss\/wp-content\/uploads\/sites\/4\/2017\/05\/Convegno2005.pdf\">Shakespeare and Rome. Identity, Otherness, Empire<\/a><\/strong>\u201d. Universit\u00e0 degli Studi Roma Tre.\u00a0 International conference convened by Maria Del Sapio Garbero. [<strong><a href=\"https:\/\/bacheca.uniroma3.it\/sriss\/wp-content\/uploads\/sites\/4\/2017\/05\/Brochure-2005.pdf\">programme<\/a><\/strong>]<\/p>\n<p>\u00a0<\/p>\n<p>28-29 February 2008. \u201c<strong><a href=\"https:\/\/bacheca.uniroma3.it\/sriss\/wp-content\/uploads\/sites\/4\/2017\/05\/Programme-Shakespeare-and-Rome-Questioning-Bodies-2008.pdf\">Shakespeare and Rome: Questioning Bodies, Geographies, and Cosmographies<\/a><\/strong>\u201d. Universit\u00e0 degli Studi Roma Tre. International conference convened by M. Del Sapio Garbero, N. Isenberg, M. Pennacchia in partnership with the European Erasmus Project ETNP \u201cInterfacing Science, Literature, and the Humanities\u201d (2006-2009).<\/p>\n<p>\u00a0<\/p>\n<p>24 November 2009 \/ 30 November 2009.\u00a0 \u201c<strong><a href=\"https:\/\/bacheca.uniroma3.it\/sriss\/wp-content\/uploads\/sites\/4\/2017\/05\/poster-CROMA-seminars-30-novembre.pdf\">L\u2019idea di Roma nella cultura europea<\/a><\/strong>\u201d. Universit\u00e0 degli Studi Roma Tre. CROMA international seminars convened by Maria Del Sapio Garbero.<\/p>\n<p>\u00a0<\/p>\n<p>16 December 2009. \u201c<strong><a href=\"https:\/\/bacheca.uniroma3.it\/sriss\/wp-content\/uploads\/sites\/4\/2017\/05\/Poster-2009-presentazione-Identity.pdf\">La Roma di Shakespeare<\/a><\/strong>\u201d. Universit\u00e0 degli Studi Roma Tre. Research seminar on the occasion of the launch of the volume edited by Maria Del Sapio Garbero, <em>Identity, Otherness and Empire in Shakespeare\u2019s Rome<\/em>, Farnham and Burlington, Ashgate, 2009.<\/p>\n<p>\u00a0<\/p>\n<p>9-10 June 2011 \u201c<a href=\"https:\/\/bacheca.uniroma3.it\/sriss\/wp-content\/uploads\/sites\/4\/2017\/04\/PDF1.pdf\"><strong>Shakespeare e la nuova scienza in et\u00e0 <em>early modern\/<\/em> Shakespeare and the New Science in Early Modern Culture<\/strong><\/a>\u201d. Universit\u00e0 degli Studi Roma Tre.\u00a0 International conference convened by Maria Del Sapio Garbero in partnership with IASEMS (Executive Board: Maurizio Ascari, Carla Dente, Maddalena Pennacchia, Sara Soncini, Romana Zacchi) with launch of the volume edited by M. Del Sapio, N. Isenberg, M. Pennacchia, <em>Questioning Bodies in Shakespeare\u2019s Rome<\/em>, Goettingen, V&amp;R Unipress, 2009.<\/p>\n<p>\u00a0<\/p>\n<p>8 March 2013. \u201c<a href=\"https:\/\/bacheca.uniroma3.it\/sriss\/wp-content\/uploads\/sites\/4\/2017\/04\/PDF2.pdf\"><strong>Shakespeare e Roma: la memoria e le sue tecnologie<\/strong><\/a>\u201d. Universit\u00e0 degli Studi Roma Tre. Seminar convened by Maria Del Sapio Garbero on the occasion of the launch of Maddalena Pennacchia\u2019s volume, <em>Shakespeare Intermediale. I drammi romani<\/em>, Spoleto, 2012.<\/p>\n<p>\u00a0<\/p>\n<p>30 April 2014. \u201c<a href=\"https:\/\/bacheca.uniroma3.it\/sriss\/wp-content\/uploads\/sites\/4\/2017\/04\/PDF3.pdf\"><strong>The Roman Plays on Screen<\/strong><\/a>\u201d. International seminar convened at Roma Tre University by Maddalena Pennacchia to contribute to the Intensive Programme of Literature Abroad \u201c<strong>Shakespeare in Rome<\/strong>\u201d organised by Victoria Bladen, University of Queensland, Australia.<\/p>\n<p>\u00a0<\/p>\n<p>14 November 2014. \u201c<a href=\"https:\/\/bacheca.uniroma3.it\/sriss\/wp-content\/uploads\/sites\/4\/2017\/04\/PDF4.pdf\"><strong>Joining Globes. Shakespeare e i luoghi del teatro<\/strong><\/a>\u201d convened by Maria Del Sapio Garbero and Carlotta Proietti. Teatro Palladium, Universit\u00e0 degli Studi Roma Tre (special guests: <a href=\"https:\/\/bacheca.uniroma3.it\/sriss\/wp-content\/uploads\/sites\/4\/2017\/07\/strettadimano.jpg\">Patrick Spottiswoode, Director of\u00a0 Globe Education, and Gigi Proietti, Artistic Director of the Silvano Toti Globe Theatre &#8211; Rome<\/a>).<\/p>\n<p>\u00a0<\/p>\n<p>7-20 April 2016. \u00a0&#8220;<strong><a href=\"https:\/\/bacheca.uniroma3.it\/sriss\/wp-content\/uploads\/sites\/4\/2017\/05\/SitoShak2016.pdf\">Shakespeare 2016. Memoria di Roma<\/a><\/strong>&#8220;. Celebration of Shakespeare\u2019s centenary. Partnership: Roma Capitale, Sapienza Universit\u00e0 degli Studi, Universit\u00e0 degli Studi di Tor Vergata, Universit\u00e0 degli Studi Roma Tre. Awarded the Medal of the President of the Italian Republic. [<strong><a href=\"https:\/\/bacheca.uniroma3.it\/sriss\/wp-content\/uploads\/sites\/4\/2017\/05\/Shakespeare_2016PROGRAMMA.pdf\">programme<\/a><\/strong>]<\/p>\n<p>\u00a0<\/p>\n<p>9-10-14 April 2016.\u00a0 \u201c<a href=\"http:\/\/teatropalladium.uniroma3.it\/blog\/evento\/shakespeare-2016-memoria-di-roma\/\"><strong>Della rovina, di tempo e di bellezza. Shakespeare e il destino di Roma<\/strong><\/a>\u201d. Palladium Theatre production, Universit\u00e0 degli Studi Roma Tre. A Music, dance and drama performance inspired by the Roman Plays. Director: Luca Aversano. Scientific advice: Maria Del Sapio Garbero.<\/p>\n<p>\u00a0<\/p>\n<p>15 April 2016. \u201c<a href=\"http:\/\/teatropalladium.uniroma3.it\/blog\/evento\/apprehending-rome-the-city-in-the-english-minds-eye\/\"><strong>Apprehending Rome: the City in the English Mind\u2019s Eye<\/strong><\/a>\u201d. Palladium Theatre production, Universit\u00e0 degli Studi Roma Tre. A performance reading by the Shakespeare\u2019s Globe Theatre devised and conducted by Andrew Hadfield (University of Sussex) and Patrick Spottiswoode (director of Shakespeare\u2019s Globe Education, London).<\/p>\n<p>9-12 July 2019. &#8220;<a href=\"http:\/\/esra2019.it\/\"><strong>ESRA 2019 Shakespeare and European Geographies: Centralities and Elsewheres European Shakespeare Research Association Conference<\/strong> &#8221; <\/a>Convenors: Maria Del Sapio Garbero and Maddalena Pennacchia<\/p>\n\n","protected":false},"excerpt":{"rendered":"<p>26-27 May 2005.\u00a0 \u201cShakespeare and Rome. Identity, Otherness, Empire\u201d. Universit\u00e0 degli Studi Roma Tre.\u00a0 International conference convened by Maria Del Sapio Garbero. [programme] \u00a0 28-29 February 2008. \u201cShakespeare and Rome: Questioning Bodies, Geographies, and Cosmographies\u201d. Universit\u00e0 degli Studi Roma Tre. International conference convened by M. Del Sapio Garbero, N. Isenberg,\u2026<\/p>\n<p class=\"continue-reading-button\"> <a class=\"continue-reading-link\" href=\"https:\/\/bacheca.uniroma3.it\/sriss\/shakespeares-rome-project\/events\/\">Continue reading<i class=\"crycon-right-dir\"><\/i><\/a><\/p>\n","protected":false},"author":2,"featured_media":0,"parent":65,"menu_order":0,"comment_status":"closed","ping_status":"closed","template":"templates\/template-twocolumns-right.php","meta":{"footnotes":""},"class_list":["post-273","page","type-page","status-publish","hentry"],"_links":{"self":[{"href":"https:\/\/bacheca.uniroma3.it\/sriss\/wp-json\/wp\/v2\/pages\/273","targetHints":{"allow":["GET"]}}],"collection":[{"href":"https:\/\/bacheca.uniroma3.it\/sriss\/wp-json\/wp\/v2\/pages"}],"about":[{"href":"https:\/\/bacheca.uniroma3.it\/sriss\/wp-json\/wp\/v2\/types\/page"}],"author":[{"embeddable":true,"href":"https:\/\/bacheca.uniroma3.it\/sriss\/wp-json\/wp\/v2\/users\/2"}],"replies":[{"embeddable":true,"href":"https:\/\/bacheca.uniroma3.it\/sriss\/wp-json\/wp\/v2\/comments?post=273"}],"version-history":[{"count":0,"href":"https:\/\/bacheca.uniroma3.it\/sriss\/wp-json\/wp\/v2\/pages\/273\/revisions"}],"up":[{"embeddable":true,"href":"https:\/\/bacheca.uniroma3.it\/sriss\/wp-json\/wp\/v2\/pages\/65"}],"wp:attachment":[{"href":"https:\/\/bacheca.uniroma3.it\/sriss\/wp-json\/wp\/v2\/media?parent=273"}],"curies":[{"name":"wp","href":"https:\/\/api.w.org\/{rel}","templated":true}]}}