{"id":1645,"date":"2021-05-21T16:11:36","date_gmt":"2021-05-21T14:11:36","guid":{"rendered":"https:\/\/bacheca.uniroma3.it\/sriss\/?page_id=1645"},"modified":"2022-07-22T15:00:40","modified_gmt":"2022-07-22T13:00:40","slug":"john-gillies","status":"publish","type":"page","link":"https:\/\/bacheca.uniroma3.it\/sriss\/about-us\/john-gillies\/","title":{"rendered":"John Gillies"},"content":{"rendered":"<div class=\"wp-block-image\">\n<figure class=\"alignleft size-large is-resized\"><img loading=\"lazy\" decoding=\"async\" src=\"https:\/\/bacheca.uniroma3.it\/sriss\/wp-content\/uploads\/sites\/4\/2022\/07\/Gillis_pphoto_m-1024x830.png\" alt=\"\" class=\"wp-image-1842\" width=\"323\" height=\"260\" \/><\/figure><\/div>\n\n\n<p><strong>Bionote<\/strong><\/p>\n\n\n\n<p>John Gillies is Emeritus Professor in Literature in the Department of Literature, Film, and Theatre Studies, University of Essex. He is the author of <em>Shakespeare and the geography of difference<\/em> (Cambridge, 1994), and various essays on Shakespeare, Milton and early modern literature and drama. He has co-edited various collections and multimedia packages. Articles include: \u201cThe problem of original sin in <em>Hamlet<\/em>\u201d, SQ 64:4 (2103); \u201cSpace and Place in <em>Paradise Lost<\/em>, ELH 74 (2007), 27-57; \u201cCalvinism as tragedy in the English revenge play\u201d, <em>Shakespeare<\/em> 9:4 (2013); \u201cThe Conversational Turn in Shakespeare\u201d, <em>\u00c9tudes Epist\u00e9m\u00e8<\/em>, 33 (2018); \u201cFurtive Majesty in John Ford\u2019s <em>Perkin Warbeck<\/em>\u201d, <em>Sillages Critique<\/em> 31 (2021); and, \u2018\u201cLike steel of too hard a temper\u201d: Shakespeare, Livy, and the idea of the founding virtues\u2019, in, Maria Del Sapio, ed., <em>Rome in Shakespeare\u2019s World<\/em>, (Edizione di Storia e Letteratura, Rome, 2017). Shortly forthcoming is: \u201cClimate Change and the Postsecular in Paul Schrader\u2019s <em>First Reformed<\/em>\u201d, in, Sophie Chiari, ed., <em>The Experience of Disaster in Early Modern English Literature<\/em> (Routledge, 2022). He is working toward two books, <em>Complicity, a cultural history<\/em>, and<em> Holy Conversation in Shakespeare<\/em>.<\/p>\n","protected":false},"excerpt":{"rendered":"<p>Bionote John Gillies is Emeritus Professor in Literature in the Department of Literature, Film, and Theatre Studies, University of Essex. He is the author of Shakespeare and the geography of difference (Cambridge, 1994), and various essays on Shakespeare, Milton and early modern literature and drama. He has co-edited various collections\u2026<\/p>\n<p class=\"continue-reading-button\"> <a class=\"continue-reading-link\" href=\"https:\/\/bacheca.uniroma3.it\/sriss\/about-us\/john-gillies\/\">Continue reading<i class=\"crycon-right-dir\"><\/i><\/a><\/p>\n","protected":false},"author":3,"featured_media":0,"parent":742,"menu_order":0,"comment_status":"closed","ping_status":"closed","template":"templates\/template-twocolumns-right.php","meta":{"footnotes":""},"class_list":["post-1645","page","type-page","status-publish","hentry"],"_links":{"self":[{"href":"https:\/\/bacheca.uniroma3.it\/sriss\/wp-json\/wp\/v2\/pages\/1645","targetHints":{"allow":["GET"]}}],"collection":[{"href":"https:\/\/bacheca.uniroma3.it\/sriss\/wp-json\/wp\/v2\/pages"}],"about":[{"href":"https:\/\/bacheca.uniroma3.it\/sriss\/wp-json\/wp\/v2\/types\/page"}],"author":[{"embeddable":true,"href":"https:\/\/bacheca.uniroma3.it\/sriss\/wp-json\/wp\/v2\/users\/3"}],"replies":[{"embeddable":true,"href":"https:\/\/bacheca.uniroma3.it\/sriss\/wp-json\/wp\/v2\/comments?post=1645"}],"version-history":[{"count":3,"href":"https:\/\/bacheca.uniroma3.it\/sriss\/wp-json\/wp\/v2\/pages\/1645\/revisions"}],"predecessor-version":[{"id":1843,"href":"https:\/\/bacheca.uniroma3.it\/sriss\/wp-json\/wp\/v2\/pages\/1645\/revisions\/1843"}],"up":[{"embeddable":true,"href":"https:\/\/bacheca.uniroma3.it\/sriss\/wp-json\/wp\/v2\/pages\/742"}],"wp:attachment":[{"href":"https:\/\/bacheca.uniroma3.it\/sriss\/wp-json\/wp\/v2\/media?parent=1645"}],"curies":[{"name":"wp","href":"https:\/\/api.w.org\/{rel}","templated":true}]}}