{"id":16,"date":"2018-11-08T15:44:10","date_gmt":"2018-11-08T14:44:10","guid":{"rendered":"http:\/\/filosofiacomunicazionespettacolo.uniroma3.it\/philosophyandmadness\/?page_id=16"},"modified":"2018-11-08T15:44:10","modified_gmt":"2018-11-08T14:44:10","slug":"registration","status":"publish","type":"page","link":"https:\/\/bacheca.uniroma3.it\/philosophyandmadness\/registration\/","title":{"rendered":"Registration"},"content":{"rendered":"<h4><a href=\"#eng\"><img loading=\"lazy\" decoding=\"async\" class=\"alignleft wp-image-61\" src=\"https:\/\/bacheca.uniroma3.it\/philosophyandmadness\/wp-content\/uploads\/sites\/2\/2018\/11\/gb-1.png\" alt=\"\" width=\"23\" height=\"12\" \/><\/a><a href=\"#ita\"><img loading=\"lazy\" decoding=\"async\" class=\"alignleft wp-image-62\" src=\"https:\/\/bacheca.uniroma3.it\/philosophyandmadness\/wp-content\/uploads\/sites\/2\/2018\/11\/it-1.png\" alt=\"\" width=\"20\" height=\"13\" \/><\/a><a href=\"#de\"><img loading=\"lazy\" decoding=\"async\" class=\"alignleft wp-image-60\" src=\"https:\/\/bacheca.uniroma3.it\/philosophyandmadness\/wp-content\/uploads\/sites\/2\/2018\/11\/de-1.png\" alt=\"\" width=\"20\" height=\"12\" \/><\/a><\/h4>\n<p>&nbsp;<\/p>\n<p>&nbsp;<\/p>\n<hr \/>\n<p><img loading=\"lazy\" decoding=\"async\" class=\"wp-image-45 alignleft\" src=\"https:\/\/bacheca.uniroma3.it\/philosophyandmadness\/wp-content\/uploads\/sites\/2\/2018\/11\/Hokusai-Japanese-Ghost-1.jpg\" alt=\"\" width=\"350\" height=\"493\" srcset=\"https:\/\/bacheca.uniroma3.it\/philosophyandmadness\/wp-content\/uploads\/sites\/2\/2018\/11\/Hokusai-Japanese-Ghost-1.jpg 1064w, https:\/\/bacheca.uniroma3.it\/philosophyandmadness\/wp-content\/uploads\/sites\/2\/2018\/11\/Hokusai-Japanese-Ghost-1-213x300.jpg 213w, https:\/\/bacheca.uniroma3.it\/philosophyandmadness\/wp-content\/uploads\/sites\/2\/2018\/11\/Hokusai-Japanese-Ghost-1-726x1024.jpg 726w, https:\/\/bacheca.uniroma3.it\/philosophyandmadness\/wp-content\/uploads\/sites\/2\/2018\/11\/Hokusai-Japanese-Ghost-1-768x1083.jpg 768w\" sizes=\"auto, (max-width: 350px) 100vw, 350px\" \/><\/p>\n<p><a name=\"eng\"><\/a><br \/>\n<img loading=\"lazy\" decoding=\"async\" class=\"alignleft size-full wp-image-61\" src=\"https:\/\/bacheca.uniroma3.it\/philosophyandmadness\/wp-content\/uploads\/sites\/2\/2018\/11\/gb-1.png\" alt=\"\" width=\"40\" height=\"20\" \/>Participation in the conference requires a registration fee of <strong>50 euros<\/strong> to be paid no later than March 31, 2019 by bank transfer to the following IBAN:<\/p>\n<ul>\n<li>To:\u00a0Societ\u00e0 Filosofica Romana<\/li>\n<li>IBAN:\u00a0\u00a0IT74H0760103200000061881215<\/li>\n<li>ABI 7601<\/li>\n<li>CAB 03200<\/li>\n<li>BANK ACCOUNT 61881215<\/li>\n<li>CIN H<\/li>\n<li>Bic\/swift: BPPIITRRXXX<\/li>\n<li>Causal of the transfer:\n<ul>\n<li><strong>It is important that you indicate the purpose of the transfer and write your <\/strong><strong>name and surname as follows: \u201cPhilosophy of Madness\u201d fee; Your LASTNAME\/SURNAME (in capital letters), First name.<\/strong><\/li>\n<\/ul>\n<\/li>\n<\/ul>\n<p>&nbsp;<\/p>\n<p>&nbsp;<\/p>\n<p>&nbsp;<\/p>\n<hr \/>\n<p><a name=\"ita\"><\/a><br \/>\n<img loading=\"lazy\" decoding=\"async\" class=\"alignleft size-full wp-image-62\" src=\"https:\/\/bacheca.uniroma3.it\/philosophyandmadness\/wp-content\/uploads\/sites\/2\/2018\/11\/it-1.png\" alt=\"\" width=\"30\" height=\"20\" \/>La partecipazione al convegno prevede una quota d\u2019iscrizione pari a <strong>50 euro<\/strong> da versare entro e non oltre il 31 marzo 2019 tramite bonifico bancario al seguente IBAN intestato alla Societ\u00e0 Filosofica Romana:<\/p>\n<ul>\n<li>IBAN: \u00a0IT74H0760103200000061881215<\/li>\n<li>ABI 7601 CAB 03200 CONTO 61881215<\/li>\n<li>\u00a0CIN H codice Bic\/swift: BPPIITRRXXX<\/li>\n<li>Causale:\n<ul>\n<li><strong>Nel bonifico si prega di indicare la causale inserendo nome e cognome del convegnista e la dicitura: \u201cPhilosophy and Madness\u201d.<\/strong><\/li>\n<\/ul>\n<\/li>\n<\/ul>\n<p>&nbsp;<\/p>\n<p>&nbsp;<\/p>\n<hr \/>\n<p><a name=\"de\"><\/a><br \/>\n<img loading=\"lazy\" decoding=\"async\" class=\"alignleft size-full wp-image-60\" src=\"https:\/\/bacheca.uniroma3.it\/philosophyandmadness\/wp-content\/uploads\/sites\/2\/2018\/11\/de-1.png\" alt=\"\" width=\"33\" height=\"20\" \/>Teilnahmegeb\u00fchr f\u00fcr die Tagung: <strong>50 \u20ac<\/strong> , zahlbar bis sp\u00e4testens 31. M\u00e4rz 2019 per \u00dcberweisung an<\/p>\n<ul>\n<li>Societ\u00e0 Filosofica Romana<\/li>\n<li>IBAN:\u00a0 IT74H0760103200000061881215<\/li>\n<li>ABI 7601<\/li>\n<li>CAB 03200<\/li>\n<li>Konto Nr. 61881215<\/li>\n<li>CIN H<\/li>\n<li>Bic\/Swift Code: BPPIITRRXXX<\/li>\n<li>Verwendungszweck:\n<ul>\n<li><strong>Vor- und Nachname des Tagungsteilnehmers und die Angabe: \u201cPhilosophy and Madness\u201d<\/strong><\/li>\n<\/ul>\n<\/li>\n<\/ul>\n<p>&nbsp;<\/p>\n<p>&nbsp;<\/p>\n<p>&nbsp;<\/p>\n<p>&nbsp;<\/p>\n","protected":false},"excerpt":{"rendered":"<p>&nbsp; &nbsp; Participation in the conference requires a registration fee of 50 euros to be paid no later than March 31, 2019 by bank transfer to the following IBAN: To:\u00a0Societ\u00e0 Filosofica Romana IBAN:\u00a0\u00a0IT74H0760103200000061881215 ABI 7601 CAB 03200 BANK ACCOUNT 61881215 CIN H Bic\/swift: BPPIITRRXXX Causal of the transfer: It is&#8230;<\/p>\n<p class=\"continue-reading-button\"> <a class=\"continue-reading-link\" href=\"https:\/\/bacheca.uniroma3.it\/philosophyandmadness\/registration\/\">Continue reading<i class=\"crycon-right-dir\"><\/i><\/a><\/p>\n","protected":false},"author":2,"featured_media":0,"parent":0,"menu_order":0,"comment_status":"closed","ping_status":"closed","template":"","meta":{"footnotes":""},"class_list":["post-16","page","type-page","status-publish","hentry"],"_links":{"self":[{"href":"https:\/\/bacheca.uniroma3.it\/philosophyandmadness\/wp-json\/wp\/v2\/pages\/16","targetHints":{"allow":["GET"]}}],"collection":[{"href":"https:\/\/bacheca.uniroma3.it\/philosophyandmadness\/wp-json\/wp\/v2\/pages"}],"about":[{"href":"https:\/\/bacheca.uniroma3.it\/philosophyandmadness\/wp-json\/wp\/v2\/types\/page"}],"author":[{"embeddable":true,"href":"https:\/\/bacheca.uniroma3.it\/philosophyandmadness\/wp-json\/wp\/v2\/users\/2"}],"replies":[{"embeddable":true,"href":"https:\/\/bacheca.uniroma3.it\/philosophyandmadness\/wp-json\/wp\/v2\/comments?post=16"}],"version-history":[{"count":0,"href":"https:\/\/bacheca.uniroma3.it\/philosophyandmadness\/wp-json\/wp\/v2\/pages\/16\/revisions"}],"wp:attachment":[{"href":"https:\/\/bacheca.uniroma3.it\/philosophyandmadness\/wp-json\/wp\/v2\/media?parent=16"}],"curies":[{"name":"wp","href":"https:\/\/api.w.org\/{rel}","templated":true}]}}