{"id":14,"date":"2018-11-08T15:44:01","date_gmt":"2018-11-08T14:44:01","guid":{"rendered":"http:\/\/filosofiacomunicazionespettacolo.uniroma3.it\/philosophyandmadness\/?page_id=14"},"modified":"2018-11-08T15:44:01","modified_gmt":"2018-11-08T14:44:01","slug":"speakers-abstracts","status":"publish","type":"page","link":"https:\/\/bacheca.uniroma3.it\/philosophyandmadness\/speakers-abstracts\/","title":{"rendered":"Speakers &amp; Abstracts"},"content":{"rendered":"<h3>Invited speakers<\/h3>\n<p><strong><a href=\"https:\/\/bacheca.uniroma3.it\/philosophyandmadness\/wp-content\/uploads\/sites\/2\/2019\/05\/Programme-and-Abstracts-1-1.pdf\">Programme-and-Abstracts<\/a><\/strong><\/p>\n<p><a href=\"https:\/\/bacheca.uniroma3.it\/philosophyandmadness\/wp-content\/uploads\/sites\/2\/2018\/11\/Paris-h\u00f4pital-de-la-Salp\u00e9tri\u00e8re-1.jpg\"><img loading=\"lazy\" decoding=\"async\" class=\"wp-image-35 size-medium alignleft\" src=\"https:\/\/bacheca.uniroma3.it\/philosophyandmadness\/wp-content\/uploads\/sites\/2\/2018\/11\/Paris-h\u00f4pital-de-la-Salp\u00e9tri\u00e8re-1-300x208.jpg\" alt=\"\" width=\"300\" height=\"208\" srcset=\"https:\/\/bacheca.uniroma3.it\/philosophyandmadness\/wp-content\/uploads\/sites\/2\/2018\/11\/Paris-h\u00f4pital-de-la-Salp\u00e9tri\u00e8re-1-300x208.jpg 300w, https:\/\/bacheca.uniroma3.it\/philosophyandmadness\/wp-content\/uploads\/sites\/2\/2018\/11\/Paris-h\u00f4pital-de-la-Salp\u00e9tri\u00e8re-1-1024x710.jpg 1024w, https:\/\/bacheca.uniroma3.it\/philosophyandmadness\/wp-content\/uploads\/sites\/2\/2018\/11\/Paris-h\u00f4pital-de-la-Salp\u00e9tri\u00e8re-1-768x533.jpg 768w, https:\/\/bacheca.uniroma3.it\/philosophyandmadness\/wp-content\/uploads\/sites\/2\/2018\/11\/Paris-h\u00f4pital-de-la-Salp\u00e9tri\u00e8re-1-1200x833.jpg 1200w, https:\/\/bacheca.uniroma3.it\/philosophyandmadness\/wp-content\/uploads\/sites\/2\/2018\/11\/Paris-h\u00f4pital-de-la-Salp\u00e9tri\u00e8re-1.jpg 1280w\" sizes=\"auto, (max-width: 300px) 100vw, 300px\" \/><\/a><\/p>\n<div style=\"margin-left: 325px\">\n<p>Giulia Battistoni, Universit\u00e0 degli Studi di Verona \/ Friedrich-Schiller-Universit\u00e4t Jena<\/p>\n<p>Marco Brusotti, Universit\u00e0 degli Studi del Salento<\/p>\n<p>Paolo Carignani, Psicologo, Psicoanalista, Membro della Tavistock Society for Psychotherapists<\/p>\n<p>Felice Cimatti, Universit\u00e0 degli Studi della Calabria<\/p>\n<p>Francesca Fantasia (Humboldt-Universit\u00e4t zu Berlin)<\/p>\n<p>Serena Feloj, Universit\u00e0 degli Studi di Pavia<\/p>\n<p>Roberto Finelli, Universit\u00e0 degli Studi Roma Tre<\/p>\n<p>Heiner Klemme, Martin-Luther-Universit\u00e4t Halle-Wittenberg<\/p>\n<p>Rossella Bonito Oliva, Universit\u00e0 degli Studi di Napoli &#8220;L&#8217;Orientale&#8221;<\/p>\n<p>Klaus Vieweg, Friedrich-Schiller-Universit\u00e4t Jena<\/p>\n<\/div>\n","protected":false},"excerpt":{"rendered":"<p>Invited speakers Programme-and-Abstracts Giulia Battistoni, Universit\u00e0 degli Studi di Verona \/ Friedrich-Schiller-Universit\u00e4t Jena Marco Brusotti, Universit\u00e0 degli Studi del Salento Paolo Carignani, Psicologo, Psicoanalista, Membro della Tavistock Society for Psychotherapists Felice Cimatti, Universit\u00e0 degli Studi della Calabria Francesca Fantasia (Humboldt-Universit\u00e4t zu Berlin) Serena Feloj, Universit\u00e0 degli Studi di Pavia Roberto&#8230;<\/p>\n<p class=\"continue-reading-button\"> <a class=\"continue-reading-link\" href=\"https:\/\/bacheca.uniroma3.it\/philosophyandmadness\/speakers-abstracts\/\">Continue reading<i class=\"crycon-right-dir\"><\/i><\/a><\/p>\n","protected":false},"author":2,"featured_media":0,"parent":0,"menu_order":0,"comment_status":"closed","ping_status":"closed","template":"","meta":{"footnotes":""},"class_list":["post-14","page","type-page","status-publish","hentry"],"_links":{"self":[{"href":"https:\/\/bacheca.uniroma3.it\/philosophyandmadness\/wp-json\/wp\/v2\/pages\/14","targetHints":{"allow":["GET"]}}],"collection":[{"href":"https:\/\/bacheca.uniroma3.it\/philosophyandmadness\/wp-json\/wp\/v2\/pages"}],"about":[{"href":"https:\/\/bacheca.uniroma3.it\/philosophyandmadness\/wp-json\/wp\/v2\/types\/page"}],"author":[{"embeddable":true,"href":"https:\/\/bacheca.uniroma3.it\/philosophyandmadness\/wp-json\/wp\/v2\/users\/2"}],"replies":[{"embeddable":true,"href":"https:\/\/bacheca.uniroma3.it\/philosophyandmadness\/wp-json\/wp\/v2\/comments?post=14"}],"version-history":[{"count":0,"href":"https:\/\/bacheca.uniroma3.it\/philosophyandmadness\/wp-json\/wp\/v2\/pages\/14\/revisions"}],"wp:attachment":[{"href":"https:\/\/bacheca.uniroma3.it\/philosophyandmadness\/wp-json\/wp\/v2\/media?parent=14"}],"curies":[{"name":"wp","href":"https:\/\/api.w.org\/{rel}","templated":true}]}}