{"id":867,"date":"2020-07-31T10:40:46","date_gmt":"2020-07-31T08:40:46","guid":{"rendered":"https:\/\/bacheca.uniroma3.it\/hpat\/?page_id=867"},"modified":"2020-07-31T16:02:55","modified_gmt":"2020-07-31T14:02:55","slug":"events","status":"publish","type":"page","link":"https:\/\/bacheca.uniroma3.it\/hpat\/hegel-now\/international-events\/hegel-now-in-hungary\/events\/","title":{"rendered":"Events"},"content":{"rendered":"\n<p>25.08.2020<\/p>\n\n\n\n<div class=\"wp-block-image\"><figure class=\"aligncenter size-large is-resized\"><img loading=\"lazy\" decoding=\"async\" src=\"https:\/\/bacheca.uniroma3.it\/hpat\/wp-content\/uploads\/sites\/3\/2020\/07\/images-3.jpeg\" alt=\"\" class=\"wp-image-861\" width=\"383\" height=\"217\" srcset=\"https:\/\/bacheca.uniroma3.it\/hpat\/wp-content\/uploads\/sites\/3\/2020\/07\/images-3.jpeg 298w, https:\/\/bacheca.uniroma3.it\/hpat\/wp-content\/uploads\/sites\/3\/2020\/07\/images-3-150x85.jpeg 150w\" sizes=\"auto, (max-width: 383px) 100vw, 383px\" \/><figcaption>Erzs\u00e9bet &nbsp;R\u00f3zsa:&nbsp;<br>Antigone und die anst\u00e4ndige Frau. Br\u00fcche in Hegels Frauenbild.<\/figcaption><\/figure><\/div>\n\n\n\n<p><br><\/p>\n\n\n\n<p>Dear All!<\/p>\n\n\n\n<p><br>We are celebrating this year Hegel\u2019s 250 Birthday (1770-2020) in different places and country. Our Project \u201cHegel Now\u201d is providing several happenings.&nbsp;Please join us on August, 25th 2020 in Debrecen for&nbsp;an interesting speech in German by&nbsp;Prof.&nbsp;Erzs\u00e9bet &nbsp;R\u00f3zsa.<\/p>\n\n\n\n<p><a href=\"https:\/\/www.facebook.com\/hegelnow250\/\" target=\"_blank\" rel=\"noreferrer noopener\">Hegel Now! on FB<\/a><\/p>\n\n\n\n<p><\/p>\n","protected":false},"excerpt":{"rendered":"<p>25.08.2020 Dear All! We are celebrating this year Hegel\u2019s 250 Birthday (1770-2020) in different places and country. Our Project \u201cHegel Now\u201d is providing several happenings.&nbsp;Please join us on August, 25th 2020 in Debrecen for&nbsp;an interesting speech in German by&nbsp;Prof.&nbsp;Erzs\u00e9bet &nbsp;R\u00f3zsa. Hegel Now! on FB<\/p>\n<p class=\"continue-reading-button\"> <a class=\"continue-reading-link\" href=\"https:\/\/bacheca.uniroma3.it\/hpat\/hegel-now\/international-events\/hegel-now-in-hungary\/events\/\">Continue reading<i class=\"crycon-right-dir\"><\/i><\/a><\/p>\n","protected":false},"author":3,"featured_media":0,"parent":860,"menu_order":2,"comment_status":"closed","ping_status":"closed","template":"","meta":{"footnotes":""},"class_list":["post-867","page","type-page","status-publish","hentry"],"_links":{"self":[{"href":"https:\/\/bacheca.uniroma3.it\/hpat\/wp-json\/wp\/v2\/pages\/867","targetHints":{"allow":["GET"]}}],"collection":[{"href":"https:\/\/bacheca.uniroma3.it\/hpat\/wp-json\/wp\/v2\/pages"}],"about":[{"href":"https:\/\/bacheca.uniroma3.it\/hpat\/wp-json\/wp\/v2\/types\/page"}],"author":[{"embeddable":true,"href":"https:\/\/bacheca.uniroma3.it\/hpat\/wp-json\/wp\/v2\/users\/3"}],"replies":[{"embeddable":true,"href":"https:\/\/bacheca.uniroma3.it\/hpat\/wp-json\/wp\/v2\/comments?post=867"}],"version-history":[{"count":4,"href":"https:\/\/bacheca.uniroma3.it\/hpat\/wp-json\/wp\/v2\/pages\/867\/revisions"}],"predecessor-version":[{"id":877,"href":"https:\/\/bacheca.uniroma3.it\/hpat\/wp-json\/wp\/v2\/pages\/867\/revisions\/877"}],"up":[{"embeddable":true,"href":"https:\/\/bacheca.uniroma3.it\/hpat\/wp-json\/wp\/v2\/pages\/860"}],"wp:attachment":[{"href":"https:\/\/bacheca.uniroma3.it\/hpat\/wp-json\/wp\/v2\/media?parent=867"}],"curies":[{"name":"wp","href":"https:\/\/api.w.org\/{rel}","templated":true}]}}