{"id":527,"date":"2020-03-20T16:30:23","date_gmt":"2020-03-20T15:30:23","guid":{"rendered":"https:\/\/bacheca.uniroma3.it\/hpat\/?page_id=527"},"modified":"2022-11-21T11:05:17","modified_gmt":"2022-11-21T10:05:17","slug":"our-project","status":"publish","type":"page","link":"https:\/\/bacheca.uniroma3.it\/hpat\/hegel-now\/our-project\/","title":{"rendered":"Our Project"},"content":{"rendered":"\n<p>Beginning in the summer of 2020, various institutions in Italy and abroad hosted cultural and artistic events on the occasion of the 250th anniversary of the birth of G.W.F. Hegel (1770-2020). The University of Roma Tre was among the promoters of &#8220;Hegel Now!&#8221; together with the Societ\u00e0 Filosofica Romana (SFR), the Goethe-Institut, the Friedrich-Schiller Universit\u00e4t Jena, the Universit\u00e9 Paul Valery Montpellier 3, the Universidad Autonoma de Madrid, the University of Debrecen, the Istituto Italiano di Studi Filosofici (IISF), the 999 Foundation, the Circulo de Bellas Artes, the artistic network ST_ART and the international network Hegel Art Net. The project will continue with further national and international events to promote an innovative synergy between Hegelian philosophy and contemporary art around the world.<\/p>\n\n\n\n<figure class=\"wp-block-gallery aligncenter has-nested-images columns-default wp-block-gallery-1 is-layout-flex wp-block-gallery-is-layout-flex\">\n<figure class=\"wp-block-image size-large\"><img loading=\"lazy\" decoding=\"async\" width=\"208\" height=\"142\" data-id=\"163\" src=\"https:\/\/bacheca.uniroma3.it\/hpat\/wp-content\/uploads\/sites\/3\/2018\/12\/Logo-Roma-Tre_208x142_web_ok.jpg\" alt=\"\" class=\"wp-image-163\" \/><\/figure>\n\n\n\n<figure class=\"wp-block-image size-large\"><img loading=\"lazy\" decoding=\"async\" width=\"208\" height=\"142\" data-id=\"164\" src=\"https:\/\/bacheca.uniroma3.it\/hpat\/wp-content\/uploads\/sites\/3\/2018\/12\/Logo-FilCoSpe-Sito.jpg\" alt=\"\" class=\"wp-image-164\" \/><\/figure>\n\n\n\n<figure class=\"wp-block-image size-large\"><img loading=\"lazy\" decoding=\"async\" width=\"554\" height=\"246\" data-id=\"162\" src=\"https:\/\/bacheca.uniroma3.it\/hpat\/wp-content\/uploads\/sites\/3\/2018\/12\/jena-logo.jpg\" alt=\"\" class=\"wp-image-162\" srcset=\"https:\/\/bacheca.uniroma3.it\/hpat\/wp-content\/uploads\/sites\/3\/2018\/12\/jena-logo.jpg 554w, https:\/\/bacheca.uniroma3.it\/hpat\/wp-content\/uploads\/sites\/3\/2018\/12\/jena-logo-300x133.jpg 300w\" sizes=\"auto, (max-width: 554px) 100vw, 554px\" \/><\/figure>\n\n\n\n<figure class=\"wp-block-image size-large\"><img loading=\"lazy\" decoding=\"async\" width=\"195\" height=\"195\" data-id=\"558\" src=\"https:\/\/bacheca.uniroma3.it\/hpat\/wp-content\/uploads\/sites\/3\/2020\/03\/logo_goethe_institute.gif\" alt=\"\" class=\"wp-image-558\" \/><\/figure>\n\n\n\n<figure class=\"wp-block-image size-large\"><img loading=\"lazy\" decoding=\"async\" width=\"199\" height=\"164\" data-id=\"560\" src=\"https:\/\/bacheca.uniroma3.it\/hpat\/wp-content\/uploads\/sites\/3\/2020\/03\/logo_societa_filosofica_italiana.png\" alt=\"\" class=\"wp-image-560\" srcset=\"https:\/\/bacheca.uniroma3.it\/hpat\/wp-content\/uploads\/sites\/3\/2020\/03\/logo_societa_filosofica_italiana.png 199w, https:\/\/bacheca.uniroma3.it\/hpat\/wp-content\/uploads\/sites\/3\/2020\/03\/logo_societa_filosofica_italiana-150x124.png 150w\" sizes=\"auto, (max-width: 199px) 100vw, 199px\" \/><\/figure>\n\n\n\n<figure class=\"wp-block-image size-large\"><img loading=\"lazy\" decoding=\"async\" width=\"499\" height=\"402\" data-id=\"345\" src=\"https:\/\/bacheca.uniroma3.it\/hpat\/wp-content\/uploads\/sites\/3\/2019\/07\/owl-logo.jpg\" alt=\"\" class=\"wp-image-345\" srcset=\"https:\/\/bacheca.uniroma3.it\/hpat\/wp-content\/uploads\/sites\/3\/2019\/07\/owl-logo.jpg 499w, https:\/\/bacheca.uniroma3.it\/hpat\/wp-content\/uploads\/sites\/3\/2019\/07\/owl-logo-300x242.jpg 300w\" sizes=\"auto, (max-width: 499px) 100vw, 499px\" \/><\/figure>\n\n\n\n<figure class=\"wp-block-image size-large\"><img loading=\"lazy\" decoding=\"async\" width=\"128\" height=\"128\" data-id=\"650\" src=\"https:\/\/bacheca.uniroma3.it\/hpat\/wp-content\/uploads\/sites\/3\/2020\/03\/unnamed-1.png\" alt=\"\" class=\"wp-image-650\" \/><\/figure>\n\n\n\n<figure class=\"wp-block-image size-large\"><img loading=\"lazy\" decoding=\"async\" width=\"150\" height=\"190\" data-id=\"668\" src=\"https:\/\/bacheca.uniroma3.it\/hpat\/wp-content\/uploads\/sites\/3\/2020\/04\/crises_lgo.png\" alt=\"\" class=\"wp-image-668\" srcset=\"https:\/\/bacheca.uniroma3.it\/hpat\/wp-content\/uploads\/sites\/3\/2020\/04\/crises_lgo.png 150w, https:\/\/bacheca.uniroma3.it\/hpat\/wp-content\/uploads\/sites\/3\/2020\/04\/crises_lgo-118x150.png 118w\" sizes=\"auto, (max-width: 150px) 100vw, 150px\" \/><\/figure>\n\n\n\n<figure class=\"wp-block-image size-large\"><img loading=\"lazy\" decoding=\"async\" width=\"538\" height=\"426\" data-id=\"658\" src=\"https:\/\/bacheca.uniroma3.it\/hpat\/wp-content\/uploads\/sites\/3\/2020\/03\/Schermata-2020-03-30-alle-18.29.17.png\" alt=\"\" class=\"wp-image-658\" srcset=\"https:\/\/bacheca.uniroma3.it\/hpat\/wp-content\/uploads\/sites\/3\/2020\/03\/Schermata-2020-03-30-alle-18.29.17.png 538w, https:\/\/bacheca.uniroma3.it\/hpat\/wp-content\/uploads\/sites\/3\/2020\/03\/Schermata-2020-03-30-alle-18.29.17-300x238.png 300w, https:\/\/bacheca.uniroma3.it\/hpat\/wp-content\/uploads\/sites\/3\/2020\/03\/Schermata-2020-03-30-alle-18.29.17-150x119.png 150w\" sizes=\"auto, (max-width: 538px) 100vw, 538px\" \/><\/figure>\n\n\n\n<figure class=\"wp-block-image size-large\"><img loading=\"lazy\" decoding=\"async\" width=\"157\" height=\"158\" data-id=\"561\" src=\"https:\/\/bacheca.uniroma3.it\/hpat\/wp-content\/uploads\/sites\/3\/2020\/03\/logo_st_art.jpg\" alt=\"\" class=\"wp-image-561\" srcset=\"https:\/\/bacheca.uniroma3.it\/hpat\/wp-content\/uploads\/sites\/3\/2020\/03\/logo_st_art.jpg 157w, https:\/\/bacheca.uniroma3.it\/hpat\/wp-content\/uploads\/sites\/3\/2020\/03\/logo_st_art-150x150.jpg 150w\" sizes=\"auto, (max-width: 157px) 100vw, 157px\" \/><\/figure>\n\n\n\n<figure class=\"wp-block-image size-large\"><img loading=\"lazy\" decoding=\"async\" width=\"715\" height=\"382\" data-id=\"689\" src=\"https:\/\/bacheca.uniroma3.it\/hpat\/wp-content\/uploads\/sites\/3\/2020\/04\/Logo-UAM.png\" alt=\"\" class=\"wp-image-689\" srcset=\"https:\/\/bacheca.uniroma3.it\/hpat\/wp-content\/uploads\/sites\/3\/2020\/04\/Logo-UAM.png 715w, https:\/\/bacheca.uniroma3.it\/hpat\/wp-content\/uploads\/sites\/3\/2020\/04\/Logo-UAM-300x160.png 300w, https:\/\/bacheca.uniroma3.it\/hpat\/wp-content\/uploads\/sites\/3\/2020\/04\/Logo-UAM-150x80.png 150w\" sizes=\"auto, (max-width: 715px) 100vw, 715px\" \/><\/figure>\n\n\n\n<figure class=\"wp-block-image size-large\"><img loading=\"lazy\" decoding=\"async\" width=\"200\" height=\"193\" data-id=\"691\" src=\"https:\/\/bacheca.uniroma3.it\/hpat\/wp-content\/uploads\/sites\/3\/2020\/04\/Schermata-2020-04-08-alle-09.34.51-e1586331428169.png\" alt=\"\" class=\"wp-image-691\" \/><\/figure>\n\n\n\n<figure class=\"wp-block-image size-large\"><img loading=\"lazy\" decoding=\"async\" width=\"250\" height=\"86\" data-id=\"557\" src=\"https:\/\/bacheca.uniroma3.it\/hpat\/wp-content\/uploads\/sites\/3\/2020\/03\/logo_debrecen.png\" alt=\"\" class=\"wp-image-557\" srcset=\"https:\/\/bacheca.uniroma3.it\/hpat\/wp-content\/uploads\/sites\/3\/2020\/03\/logo_debrecen.png 250w, https:\/\/bacheca.uniroma3.it\/hpat\/wp-content\/uploads\/sites\/3\/2020\/03\/logo_debrecen-150x52.png 150w\" sizes=\"auto, (max-width: 250px) 100vw, 250px\" \/><\/figure>\n\n\n\n<figure class=\"wp-block-image size-large\"><img loading=\"lazy\" decoding=\"async\" width=\"457\" height=\"246\" data-id=\"165\" src=\"https:\/\/bacheca.uniroma3.it\/hpat\/wp-content\/uploads\/sites\/3\/2018\/12\/Nantes-logo.png\" alt=\"\" class=\"wp-image-165\" srcset=\"https:\/\/bacheca.uniroma3.it\/hpat\/wp-content\/uploads\/sites\/3\/2018\/12\/Nantes-logo.png 457w, https:\/\/bacheca.uniroma3.it\/hpat\/wp-content\/uploads\/sites\/3\/2018\/12\/Nantes-logo-300x161.png 300w\" sizes=\"auto, (max-width: 457px) 100vw, 457px\" \/><\/figure>\n\n\n\n<figure class=\"wp-block-image size-large\"><img loading=\"lazy\" decoding=\"async\" width=\"150\" height=\"150\" data-id=\"888\" src=\"https:\/\/bacheca.uniroma3.it\/hpat\/wp-content\/uploads\/sites\/3\/2020\/09\/Unknown-2-e1600672888599.png\" alt=\"logo 999Foundation\" class=\"wp-image-888\" \/><\/figure>\n<\/figure>\n\n\n\n<p><\/p>\n\n\n\n<p><\/p>\n","protected":false},"excerpt":{"rendered":"<p>Beginning in the summer of 2020, various institutions in Italy and abroad hosted cultural and artistic events on the occasion of the 250th anniversary of the birth of G.W.F. Hegel (1770-2020). The University of Roma Tre was among the promoters of &#8220;Hegel Now!&#8221; together with the Societ\u00e0 Filosofica Romana (SFR),&#8230;<\/p>\n<p class=\"continue-reading-button\"> <a class=\"continue-reading-link\" href=\"https:\/\/bacheca.uniroma3.it\/hpat\/hegel-now\/our-project\/\">Continue reading<i class=\"crycon-right-dir\"><\/i><\/a><\/p>\n","protected":false},"author":3,"featured_media":0,"parent":518,"menu_order":1,"comment_status":"closed","ping_status":"closed","template":"","meta":{"footnotes":""},"class_list":["post-527","page","type-page","status-publish","hentry"],"_links":{"self":[{"href":"https:\/\/bacheca.uniroma3.it\/hpat\/wp-json\/wp\/v2\/pages\/527","targetHints":{"allow":["GET"]}}],"collection":[{"href":"https:\/\/bacheca.uniroma3.it\/hpat\/wp-json\/wp\/v2\/pages"}],"about":[{"href":"https:\/\/bacheca.uniroma3.it\/hpat\/wp-json\/wp\/v2\/types\/page"}],"author":[{"embeddable":true,"href":"https:\/\/bacheca.uniroma3.it\/hpat\/wp-json\/wp\/v2\/users\/3"}],"replies":[{"embeddable":true,"href":"https:\/\/bacheca.uniroma3.it\/hpat\/wp-json\/wp\/v2\/comments?post=527"}],"version-history":[{"count":24,"href":"https:\/\/bacheca.uniroma3.it\/hpat\/wp-json\/wp\/v2\/pages\/527\/revisions"}],"predecessor-version":[{"id":1199,"href":"https:\/\/bacheca.uniroma3.it\/hpat\/wp-json\/wp\/v2\/pages\/527\/revisions\/1199"}],"up":[{"embeddable":true,"href":"https:\/\/bacheca.uniroma3.it\/hpat\/wp-json\/wp\/v2\/pages\/518"}],"wp:attachment":[{"href":"https:\/\/bacheca.uniroma3.it\/hpat\/wp-json\/wp\/v2\/media?parent=527"}],"curies":[{"name":"wp","href":"https:\/\/api.w.org\/{rel}","templated":true}]}}