{"id":521,"date":"2020-03-16T17:01:42","date_gmt":"2020-03-16T16:01:42","guid":{"rendered":"https:\/\/bacheca.uniroma3.it\/hpat\/?page_id=521"},"modified":"2024-02-06T10:03:34","modified_gmt":"2024-02-06T09:03:34","slug":"about-us","status":"publish","type":"page","link":"https:\/\/bacheca.uniroma3.it\/hpat\/hegel-now\/about-us\/","title":{"rendered":"About us"},"content":{"rendered":"<div class=\"wp-block-image\">\n<figure class=\"aligncenter size-large\"><img loading=\"lazy\" decoding=\"async\" width=\"1024\" height=\"683\" src=\"https:\/\/bacheca.uniroma3.it\/hpat\/wp-content\/uploads\/sites\/3\/2020\/10\/8FE828C0-83B7-4E4A-B184-C75F73D0455D-1024x683.jpg\" alt=\"foto di gruppo\" class=\"wp-image-909\" srcset=\"https:\/\/bacheca.uniroma3.it\/hpat\/wp-content\/uploads\/sites\/3\/2020\/10\/8FE828C0-83B7-4E4A-B184-C75F73D0455D-1024x683.jpg 1024w, https:\/\/bacheca.uniroma3.it\/hpat\/wp-content\/uploads\/sites\/3\/2020\/10\/8FE828C0-83B7-4E4A-B184-C75F73D0455D-300x200.jpg 300w, https:\/\/bacheca.uniroma3.it\/hpat\/wp-content\/uploads\/sites\/3\/2020\/10\/8FE828C0-83B7-4E4A-B184-C75F73D0455D-768x512.jpg 768w, https:\/\/bacheca.uniroma3.it\/hpat\/wp-content\/uploads\/sites\/3\/2020\/10\/8FE828C0-83B7-4E4A-B184-C75F73D0455D-1536x1024.jpg 1536w, https:\/\/bacheca.uniroma3.it\/hpat\/wp-content\/uploads\/sites\/3\/2020\/10\/8FE828C0-83B7-4E4A-B184-C75F73D0455D-150x100.jpg 150w, https:\/\/bacheca.uniroma3.it\/hpat\/wp-content\/uploads\/sites\/3\/2020\/10\/8FE828C0-83B7-4E4A-B184-C75F73D0455D.jpg 1920w\" sizes=\"auto, (max-width: 1024px) 100vw, 1024px\" \/><figcaption class=\"wp-element-caption\">\u00a9 Cristina Satta<\/figcaption><\/figure><\/div>\n\n\n<p><strong><em>Project Direction<\/em>&nbsp;&amp; Coordination:<\/strong>&nbsp;<\/p>\n\n\n\n<p>Francesca Iannelli<\/p>\n\n\n\n<p><strong>International Scientific Committee:<\/strong> <\/p>\n\n\n\n<p>Francesca Iannelli, Valerio Rocco Lozano, Alain Patrick Olivier, Erzs\u00e8bet R\u00f3zsa, Pedro Sep\u00falveda Zambrano, Klaus Vieweg<\/p>\n\n\n\n<p><strong>Logo Designer: <\/strong><\/p>\n\n\n\n<p>Massimo De  Felice<\/p>\n\n\n\n<p><strong>\u200bSocial Media Managers:&nbsp;<\/strong><\/p>\n\n\n\n<p>Cristina Satta<\/p>\n\n\n<div class=\"wp-block-image is-style-default\">\n<figure class=\"aligncenter size-medium\"><img loading=\"lazy\" decoding=\"async\" width=\"300\" height=\"234\" src=\"https:\/\/bacheca.uniroma3.it\/hpat\/wp-content\/uploads\/sites\/3\/2021\/08\/Unknown-4-300x234.jpeg\" alt=\"Logo  Hegel Now!\" class=\"wp-image-1081\" srcset=\"https:\/\/bacheca.uniroma3.it\/hpat\/wp-content\/uploads\/sites\/3\/2021\/08\/Unknown-4-300x234.jpeg 300w, https:\/\/bacheca.uniroma3.it\/hpat\/wp-content\/uploads\/sites\/3\/2021\/08\/Unknown-4-768x599.jpeg 768w, https:\/\/bacheca.uniroma3.it\/hpat\/wp-content\/uploads\/sites\/3\/2021\/08\/Unknown-4-150x117.jpeg 150w, https:\/\/bacheca.uniroma3.it\/hpat\/wp-content\/uploads\/sites\/3\/2021\/08\/Unknown-4.jpeg 969w\" sizes=\"auto, (max-width: 300px) 100vw, 300px\" \/><\/figure><\/div>","protected":false},"excerpt":{"rendered":"<p>Project Direction&nbsp;&amp; Coordination:&nbsp; Francesca Iannelli International Scientific Committee: Francesca Iannelli, Valerio Rocco Lozano, Alain Patrick Olivier, Erzs\u00e8bet R\u00f3zsa, Pedro Sep\u00falveda Zambrano, Klaus Vieweg Logo Designer: Massimo De Felice \u200bSocial Media Managers:&nbsp; Cristina Satta<\/p>\n<p class=\"continue-reading-button\"> <a class=\"continue-reading-link\" href=\"https:\/\/bacheca.uniroma3.it\/hpat\/hegel-now\/about-us\/\">Continue reading<i class=\"crycon-right-dir\"><\/i><\/a><\/p>\n","protected":false},"author":3,"featured_media":0,"parent":518,"menu_order":2,"comment_status":"closed","ping_status":"closed","template":"","meta":{"footnotes":""},"class_list":["post-521","page","type-page","status-publish","hentry"],"_links":{"self":[{"href":"https:\/\/bacheca.uniroma3.it\/hpat\/wp-json\/wp\/v2\/pages\/521","targetHints":{"allow":["GET"]}}],"collection":[{"href":"https:\/\/bacheca.uniroma3.it\/hpat\/wp-json\/wp\/v2\/pages"}],"about":[{"href":"https:\/\/bacheca.uniroma3.it\/hpat\/wp-json\/wp\/v2\/types\/page"}],"author":[{"embeddable":true,"href":"https:\/\/bacheca.uniroma3.it\/hpat\/wp-json\/wp\/v2\/users\/3"}],"replies":[{"embeddable":true,"href":"https:\/\/bacheca.uniroma3.it\/hpat\/wp-json\/wp\/v2\/comments?post=521"}],"version-history":[{"count":23,"href":"https:\/\/bacheca.uniroma3.it\/hpat\/wp-json\/wp\/v2\/pages\/521\/revisions"}],"predecessor-version":[{"id":1333,"href":"https:\/\/bacheca.uniroma3.it\/hpat\/wp-json\/wp\/v2\/pages\/521\/revisions\/1333"}],"up":[{"embeddable":true,"href":"https:\/\/bacheca.uniroma3.it\/hpat\/wp-json\/wp\/v2\/pages\/518"}],"wp:attachment":[{"href":"https:\/\/bacheca.uniroma3.it\/hpat\/wp-json\/wp\/v2\/media?parent=521"}],"curies":[{"name":"wp","href":"https:\/\/api.w.org\/{rel}","templated":true}]}}