{"id":40,"date":"2018-10-29T11:53:16","date_gmt":"2018-10-29T10:53:16","guid":{"rendered":"http:\/\/filosofiacomunicazionespettacolo.uniroma3.it\/hpat\/?page_id=40"},"modified":"2021-12-17T12:50:32","modified_gmt":"2021-12-17T11:50:32","slug":"berlin-1826","status":"publish","type":"page","link":"https:\/\/bacheca.uniroma3.it\/hpat\/hegels-lectures-on-aesthetics\/berlin-1826\/","title":{"rendered":"Berlin 1826"},"content":{"rendered":"<h3><img loading=\"lazy\" decoding=\"async\" class=\"alignright size-medium wp-image-19\" src=\"https:\/\/bacheca.uniroma3.it\/hpat\/wp-content\/uploads\/sites\/3\/2018\/10\/hpat-20149-300x163.jpg\" alt=\"\" width=\"300\" height=\"163\" srcset=\"https:\/\/bacheca.uniroma3.it\/hpat\/wp-content\/uploads\/sites\/3\/2018\/10\/hpat-20149-300x163.jpg 300w, https:\/\/bacheca.uniroma3.it\/hpat\/wp-content\/uploads\/sites\/3\/2018\/10\/hpat-20149-768x416.jpg 768w, https:\/\/bacheca.uniroma3.it\/hpat\/wp-content\/uploads\/sites\/3\/2018\/10\/hpat-20149.jpg 1024w\" sizes=\"auto, (max-width: 300px) 100vw, 300px\" \/>Sources<\/h3>\n<p><a href=\"https:\/\/meiner.de\/vorlesungen-uber-die-philosophie-der-kunst-ii-14305.html\">G. W. F. Hegel, Vorlesungen \u00fcber die Philosophie der Kunst II Nachschriften zum Kolleg des Jahres 1826.<\/a><br \/>\nHerausgegeben von Walter Jaeschke<br \/>\nGeorg Wilhelm Friedrich Hegel, Gesammelte Werke (GW) 28,2. 2018. Unver\u00e4ndertes eBook der 1. Aufl. von 2018. VI, 388 Seiten (S. 515-903). 978-3-7873-3589-3.<\/p>\n<p><a href=\"https:\/\/www.fink.de\/katalog\/titel\/978-3-7705-3710-5.html\">G. W. F.\u00a0Hegel, <em>Philosophie der Kunst oder \u00c4sthetik. Nach Hegel. Im Sommer 1826.<\/em><\/a><br \/>\nHerausgegeben von Annemarie Gethmann-Siefert und Bernadette Collenberg-Plotnikov<br \/>\nM\u00fcnchen: Fink 2004. ISBN: 978-3-7705-3710-5<\/p>\n<p><a href=\"https:\/\/www.suhrkamp.de\/buecher\/philosophie_der_kunst-georg_wilhelm_friedrich_hegel_29322.html\">G. W. F. Hegel, <em>Philosophie der Kunst &#8211; Vorlesung von 1826. <\/em><\/a><br \/>\nHerausgegeben von Annemarie Gethmann-Siefert, Jeong-Im Kwon und Karsten Berr<br \/>\nFrankfurt am Main: Suhrkamp Taschenbuch 2005. ISBN: 978-3-518-29322-5<\/p>\n<h3>Translations<\/h3>\n<h4>Spanish<\/h4>\n<p><a href=\"https:\/\/abadaeditores.com\/libro.php?l=99%3fl=99\">G.W.F. <em>Hegel, Filosof\u00eda del arte o Est\u00e9tica : verano de 1826 : apuntes de Friedrich Carl Hermann Victor von Kehle<\/em>r.<\/a><br \/>\nTraduccio\u0301n de Domingo Herna\u0301ndez Sa\u0301nchez.\u00a0Edicio\u0301 bilingu\u0308e castella\u0300-alemany.<br \/>\nMadrid: Abada 2005. ISBN:\u00a0 978-84-96258-19-8.<\/p>\n<h4>Hungarian<\/h4>\n<div><a href=\"https:\/\/bacheca.uniroma3.it\/hpat\/wp-content\/uploads\/sites\/3\/2021\/12\/HegelRoz1.jpg\">G.W.F. Hegel: A\u00a0<em>m\u0171v\u00e9szet filoz\u00f3fi\u00e1ja<\/em>\u00a0&#8211;\u00a0<em>P<\/em>.\u00a0<em>Von der Pfordten lejegyz\u00e9s\u00e9ben<\/em>\u00a0(<em>1826<\/em>).<\/a><\/div>\n<div>\n<div>Zoltai D\u00e9nes\u00a0(tr.)<\/div>\n<div><\/div>\n<div>Budapest: Canticum Kft., 2009.\u00a0ISBN:\u00a0978-963-06-6875-0.<\/div>\n<div><\/div>\n<\/div>\n<h4>Korean<\/h4>\n<div>\n<p>Hegel Yaesul Choelhak. Berlin 1826 Kanguei.<br \/>\nJeong-Im Kwon (tr.)<br \/>\nSeoul: Sechang Edition (work in progress)<\/p>\n<p>The translation by Jeong-Im Kwon of the Manuscript Von der Pfordtens will be published in 2022.<\/p>\n<\/div>\n","protected":false},"excerpt":{"rendered":"<p>Sources G. W. F. Hegel, Vorlesungen \u00fcber die Philosophie der Kunst II Nachschriften zum Kolleg des Jahres 1826. Herausgegeben von Walter Jaeschke Georg Wilhelm Friedrich Hegel, Gesammelte Werke (GW) 28,2. 2018. Unver\u00e4ndertes eBook der 1. Aufl. von 2018. VI, 388 Seiten (S. 515-903). 978-3-7873-3589-3. G. W. F.\u00a0Hegel, Philosophie der Kunst&#8230;<\/p>\n<p class=\"continue-reading-button\"> <a class=\"continue-reading-link\" href=\"https:\/\/bacheca.uniroma3.it\/hpat\/hegels-lectures-on-aesthetics\/berlin-1826\/\">Continue reading<i class=\"crycon-right-dir\"><\/i><\/a><\/p>\n","protected":false},"author":2,"featured_media":0,"parent":472,"menu_order":3,"comment_status":"closed","ping_status":"closed","template":"","meta":{"footnotes":""},"class_list":["post-40","page","type-page","status-publish","hentry"],"_links":{"self":[{"href":"https:\/\/bacheca.uniroma3.it\/hpat\/wp-json\/wp\/v2\/pages\/40","targetHints":{"allow":["GET"]}}],"collection":[{"href":"https:\/\/bacheca.uniroma3.it\/hpat\/wp-json\/wp\/v2\/pages"}],"about":[{"href":"https:\/\/bacheca.uniroma3.it\/hpat\/wp-json\/wp\/v2\/types\/page"}],"author":[{"embeddable":true,"href":"https:\/\/bacheca.uniroma3.it\/hpat\/wp-json\/wp\/v2\/users\/2"}],"replies":[{"embeddable":true,"href":"https:\/\/bacheca.uniroma3.it\/hpat\/wp-json\/wp\/v2\/comments?post=40"}],"version-history":[{"count":3,"href":"https:\/\/bacheca.uniroma3.it\/hpat\/wp-json\/wp\/v2\/pages\/40\/revisions"}],"predecessor-version":[{"id":1126,"href":"https:\/\/bacheca.uniroma3.it\/hpat\/wp-json\/wp\/v2\/pages\/40\/revisions\/1126"}],"up":[{"embeddable":true,"href":"https:\/\/bacheca.uniroma3.it\/hpat\/wp-json\/wp\/v2\/pages\/472"}],"wp:attachment":[{"href":"https:\/\/bacheca.uniroma3.it\/hpat\/wp-json\/wp\/v2\/media?parent=40"}],"curies":[{"name":"wp","href":"https:\/\/api.w.org\/{rel}","templated":true}]}}