{"id":38,"date":"2018-10-29T11:53:05","date_gmt":"2018-10-29T10:53:05","guid":{"rendered":"http:\/\/filosofiacomunicazionespettacolo.uniroma3.it\/hpat\/?page_id=38"},"modified":"2021-12-20T10:17:20","modified_gmt":"2021-12-20T09:17:20","slug":"berlin-1823","status":"publish","type":"page","link":"https:\/\/bacheca.uniroma3.it\/hpat\/hegels-lectures-on-aesthetics\/berlin-1823\/","title":{"rendered":"Berlin 1823"},"content":{"rendered":"<h3><img loading=\"lazy\" decoding=\"async\" class=\"alignright size-medium wp-image-19\" src=\"https:\/\/bacheca.uniroma3.it\/hpat\/wp-content\/uploads\/sites\/3\/2018\/10\/hpat-20149-300x163.jpg\" alt=\"\" width=\"300\" height=\"163\" srcset=\"https:\/\/bacheca.uniroma3.it\/hpat\/wp-content\/uploads\/sites\/3\/2018\/10\/hpat-20149-300x163.jpg 300w, https:\/\/bacheca.uniroma3.it\/hpat\/wp-content\/uploads\/sites\/3\/2018\/10\/hpat-20149-768x416.jpg 768w, https:\/\/bacheca.uniroma3.it\/hpat\/wp-content\/uploads\/sites\/3\/2018\/10\/hpat-20149.jpg 1024w\" sizes=\"auto, (max-width: 300px) 100vw, 300px\" \/>Sources<\/h3>\n<p><a href=\"https:\/\/meiner.de\/vorlesungen-uber-die-philosophie-der-kunst.html\">G.W.F. Hegel, <em>Vorlesungen \u00fcber die Philosophie der Kunst<\/em><\/a><br \/>\nBerlin 1823. Nachgeschrieben von H. G. Hotho.<br \/>\nHerausgegeben von Annemarie Gethmann-Siefert.<br \/>\nHamburg: Meiner\u00a01998. ISBN: 978-3-7873-0730-2.<\/p>\n<p><a href=\"http:\/\/www.vrin.fr\/book.php?code=9782711617579\">G. W. F. Hegel, <em>Esth\u00e9tique\u00a0: manuscrit in\u00e9dit de Victor Cousin<\/em><\/a><br \/>\nTranscription, pr\u00e9sentation et notes de Alain Patrick Olivier.<br \/>\nAvant-propos d\u2019Annemarie Gethmann-Siefert.<br \/>\nParis: Librairie philosophique J. Vrin, Collection \u00abTextes philosophiques\u00bb, 160 p. ISBN 2-7116-1757-2.<\/p>\n<h3>Translations<\/h3>\n<h5>Italian<\/h5>\n<p><a href=\"https:\/\/www.laterza.it\/index.php?option=com_laterza&amp;Itemid=97&amp;task=schedalibro&amp;isbn=9788842059592\">Lezioni di estetica. Corso del 1823. Nella trascrizione di H.G. Hotho<\/a><br \/>\ntrad. e intr. di P. D&#8217;Angelo<\/p>\n<div><a href=\"https:\/\/www.einaudi.it\/catalogo-libri\/filosofia\/filosofia-moderna\/estetica-georg-wilhelm-friedrich-hegel-9788806225452\/\">G.W.F. Hegel, Estetica. Il manoscritto della \u00abBiblioth\u00e8que Victor Cousin\u00bb<\/a>,<\/div>\n<div>a cura di Dario Giugliano, Einaudi, Torino 2017.ISBN 9788806225452<\/div>\n<div><\/div>\n<div>\n<h5>Hungarian<\/h5>\n<div><a href=\"https:\/\/bacheca.uniroma3.it\/hpat\/wp-content\/uploads\/sites\/3\/2021\/12\/HegelRoz2.jpg\">G.W.F. Hegel:\u00a0El\u0151ad\u00e1sok\u00a0a m\u0171v\u00e9szet filoz\u00f3fi\u00e1j\u00e1r\u00f3l.<\/a><\/div>\n<\/div>\n<div><\/div>\n<div>\n<div>Zoltai D\u00e9nes (tr.). Budapest: Atlantisz, 2004. ISBN: 9789639165625<\/div>\n<div><\/div>\n<\/div>\n<div id=\"m_-3253511414518042865Signature\">\n<div id=\"m_-3253511414518042865divtagdefaultwrapper\" dir=\"ltr\">\n<h5>English<\/h5>\n<\/div>\n<\/div>\n<p><a href=\"https:\/\/global.oup.com\/academic\/product\/hegel-lectures-on-the-philosophy-of-art-9780199694822?cc=it&amp;lang=en&amp;\">G. F. W. Hegel,<em>\u00a0Lectures on the Philosophy of Art: The Hotho Transcript of the 1823 Berlin Lectures<\/em><\/a><br \/>\nRobert F. Brown (tr.), Oxford University Press, 2014<\/p>\n<h5>Korean<\/h5>\n<div>\n<p><a href=\"https:\/\/bacheca.uniroma3.it\/hpat\/wp-content\/uploads\/sites\/3\/2021\/02\/HegelKorea.pdf\">Hegel Yaesul Choelhak. Berlin 1823 Kanguei<\/a><\/p>\n<p>Jeong Im-Kwon \/Dong-Won Han (tr.)<\/p>\n<p>Seoul: Misul Munhwa, 2008 (1st Edition), 2018 (2nd Edition) ISBN: 9788991847378<\/p>\n<\/div>\n","protected":false},"excerpt":{"rendered":"<p>Sources G.W.F. Hegel, Vorlesungen \u00fcber die Philosophie der Kunst Berlin 1823. Nachgeschrieben von H. G. Hotho. Herausgegeben von Annemarie Gethmann-Siefert. Hamburg: Meiner\u00a01998. ISBN: 978-3-7873-0730-2. G. W. F. Hegel, Esth\u00e9tique\u00a0: manuscrit in\u00e9dit de Victor Cousin Transcription, pr\u00e9sentation et notes de Alain Patrick Olivier. Avant-propos d\u2019Annemarie Gethmann-Siefert. Paris: Librairie philosophique J. Vrin,&#8230;<\/p>\n<p class=\"continue-reading-button\"> <a class=\"continue-reading-link\" href=\"https:\/\/bacheca.uniroma3.it\/hpat\/hegels-lectures-on-aesthetics\/berlin-1823\/\">Continue reading<i class=\"crycon-right-dir\"><\/i><\/a><\/p>\n","protected":false},"author":2,"featured_media":0,"parent":472,"menu_order":2,"comment_status":"closed","ping_status":"closed","template":"","meta":{"footnotes":""},"class_list":["post-38","page","type-page","status-publish","hentry"],"_links":{"self":[{"href":"https:\/\/bacheca.uniroma3.it\/hpat\/wp-json\/wp\/v2\/pages\/38","targetHints":{"allow":["GET"]}}],"collection":[{"href":"https:\/\/bacheca.uniroma3.it\/hpat\/wp-json\/wp\/v2\/pages"}],"about":[{"href":"https:\/\/bacheca.uniroma3.it\/hpat\/wp-json\/wp\/v2\/types\/page"}],"author":[{"embeddable":true,"href":"https:\/\/bacheca.uniroma3.it\/hpat\/wp-json\/wp\/v2\/users\/2"}],"replies":[{"embeddable":true,"href":"https:\/\/bacheca.uniroma3.it\/hpat\/wp-json\/wp\/v2\/comments?post=38"}],"version-history":[{"count":11,"href":"https:\/\/bacheca.uniroma3.it\/hpat\/wp-json\/wp\/v2\/pages\/38\/revisions"}],"predecessor-version":[{"id":1131,"href":"https:\/\/bacheca.uniroma3.it\/hpat\/wp-json\/wp\/v2\/pages\/38\/revisions\/1131"}],"up":[{"embeddable":true,"href":"https:\/\/bacheca.uniroma3.it\/hpat\/wp-json\/wp\/v2\/pages\/472"}],"wp:attachment":[{"href":"https:\/\/bacheca.uniroma3.it\/hpat\/wp-json\/wp\/v2\/media?parent=38"}],"curies":[{"name":"wp","href":"https:\/\/api.w.org\/{rel}","templated":true}]}}