{"id":251,"date":"2019-01-30T23:33:53","date_gmt":"2019-01-30T22:33:53","guid":{"rendered":"http:\/\/filosofiacomunicazionespettacolo.uniroma3.it\/hpat\/?page_id=251"},"modified":"2024-03-11T11:31:51","modified_gmt":"2024-03-11T10:31:51","slug":"research-group","status":"publish","type":"page","link":"https:\/\/bacheca.uniroma3.it\/hpat\/people\/research-group\/","title":{"rendered":"Research Group"},"content":{"rendered":"<div class=\"wp-block-image is-style-default\">\n<figure class=\"aligncenter size-large is-resized\"><img loading=\"lazy\" decoding=\"async\" width=\"1011\" height=\"1024\" src=\"https:\/\/bacheca.uniroma3.it\/hpat\/wp-content\/uploads\/sites\/3\/2022\/06\/LouvreK-1011x1024.jpg\" alt=\"\" class=\"wp-image-1167\" style=\"width:360px;height:364px\" srcset=\"https:\/\/bacheca.uniroma3.it\/hpat\/wp-content\/uploads\/sites\/3\/2022\/06\/LouvreK-1011x1024.jpg 1011w, https:\/\/bacheca.uniroma3.it\/hpat\/wp-content\/uploads\/sites\/3\/2022\/06\/LouvreK-296x300.jpg 296w, https:\/\/bacheca.uniroma3.it\/hpat\/wp-content\/uploads\/sites\/3\/2022\/06\/LouvreK-768x778.jpg 768w, https:\/\/bacheca.uniroma3.it\/hpat\/wp-content\/uploads\/sites\/3\/2022\/06\/LouvreK-1516x1536.jpg 1516w, https:\/\/bacheca.uniroma3.it\/hpat\/wp-content\/uploads\/sites\/3\/2022\/06\/LouvreK-2022x2048.jpg 2022w, https:\/\/bacheca.uniroma3.it\/hpat\/wp-content\/uploads\/sites\/3\/2022\/06\/LouvreK-148x150.jpg 148w\" sizes=\"auto, (max-width: 1011px) 100vw, 1011px\" \/><\/figure><\/div>\n\n<ul>\n<li><a href=\"http:\/\/www.dsu.univr.it\/?ent=persona&amp;id=32754&amp;lang=it\">Giulia Battistoni<\/a><\/li>\n<li><a href=\"https:\/\/urs.ff.cuni.cz\/vyucujici\/francouzstina\/eva-voldrichova-berankova\/\">Eva Vold\u0159ichov\u00e1 Ber\u00e1nkov\u00e1<\/a><\/li>\n<li><a href=\"http:\/\/unipd.academia.edu\/FrancescoCampana\">Francesco Campana<\/a><\/li>\n<li><a href=\"https:\/\/www.unibo.it\/sitoweb\/eleonora.caramelli2\/\">Eleonora Caramelli<\/a><\/li>\n<li><a href=\"https:\/\/www.ecoledulouvre.fr\/fr\/annuaire-recherche\/charrak-gabrielle\">Gabrielle Charrak\u00a0<\/a><\/li>\n<li><a href=\"http:\/\/filosofiacomunicazionespettacolo.uniroma3.it\/pdangelo\/\">Paolo D\u2019Angelo<\/a><\/li>\n<li><a href=\"https:\/\/www.letterefilosofia.unifi.it\/vp-250-mario-farina.html\">Mario Farina<\/a><\/li>\n<li><a href=\"http:\/\/www.thalim.cnrs.fr\/auteur\/mildred-galland-szymkowiak?lang=fr\">Mildred Galland-Szymkowiak<\/a><\/li>\n<li><a href=\"https:\/\/www.pantheonsorbonne.fr\/recherche\/page-perso\/page\/?tx_oxcspagepersonnel_pi1[uid]=bhaas\">Bruno Haas<\/a><\/li>\n<li><a href=\"http:\/\/uni-jena.academia.edu\/JohannesKorngiebel\">Johannes Korngiebel<\/a><\/li>\n<li><a href=\"https:\/\/www.phil.uni-wuerzburg.de\/en\/kunstgeschichte\/personen\/ehemalige\/dr-yahya-kouroshi\/\">Yahya Kouroshi<\/a><\/li>\n<li><a href=\"http:\/\/www.j-ikwon.weebly.com\">Jeong-Im Kwon<\/a><\/li>\n<li><a href=\"http:\/\/www.unical.it\/portale\/strutture\/dipartimenti_240\/dsu\/sezionefilosofia\/collaboratori\/lesce\/\">Francesco Lesce<\/a><\/li>\n<li><a href=\"https:\/\/docenti.unior.it\/index2.php?user_id=gmoretti&amp;content_id_start=1\">Giampiero Moretti<\/a><\/li>\n<li><a href=\"https:\/\/www.iisf.it\/index.php\/attivita\/bandi\/i-borsisti\/team\/elena-nardelli.html\">Elena Nardelli<\/a><\/li>\n<li><a href=\"http:\/\/www.dsu.univr.it\/?ent=persona&amp;id=8394&amp;lang=it\">Markus Ophaelders<\/a><\/li>\n<li><a href=\"https:\/\/www.fondazionesancarlo.it\/persona\/pieroni-silvia\/\">Silvia Pieroni<\/a><\/li>\n<li><a href=\"http:\/\/uniroma.academia.edu\/FedericaPitillo\">Federica Pitillo<\/a><\/li>\n<li><a href=\"https:\/\/www.hfg-offenbach.de\/en\/people\/juliane-rebentisch#prof-dr-juliane-rebentisch\">Juliane Rebentisch<\/a><\/li>\n<li><a href=\"https:\/\/www.uam.es\/ss\/Satellite\/FilosofiayLetras\/es\/1242658519488\/1242658706877\/persona\/detallePDI\/Rocco_Lozano,_Valerio.htm\">Valerio Rocco Lozano<\/a><\/li>\n<li><a href=\"https:\/\/hu.wikipedia.org\/wiki\/R%C3%B3zsa_Erzs%C3%A9bet\">Erzs\u00e9bet R\u00f3zsa<\/a><\/li>\n<li><a href=\"http:\/\/wwwunical.academia.edu\/LuisaSampugnaro\">Luisa Sampugnaro<\/a><\/li>\n<li><a href=\"http:\/\/unisalento.academia.edu\/GabrieleSchimmenti\">Gabriele Schimmenti<\/a><\/li>\n<li><a href=\"http:\/\/centregeorgsimmel.ehess.fr\/membres\/membres-statutaires\/denis-thouard\/\">Denis Thouard<\/a><\/li>\n<li><a href=\"http:\/\/www.federicovercellone.com\">Federico Vercellone<\/a><\/li>\n<li><a href=\"http:\/\/www.klausvieweg-jena.de\/\">Klaus Vieweg<\/a><\/li>\n<li><a href=\"http:\/\/u-paris10.academia.edu\/JeanbaptisteVuillerod\">Jean-Baptiste Vuillerod<\/a><\/li>\n<li><a href=\"http:\/\/filosofia.fflch.usp.br\/docentes\/werle\">Marco Aur\u00e9lio Werle<\/a><\/li>\n<\/ul>","protected":false},"excerpt":{"rendered":"<p>Giulia Battistoni Eva Vold\u0159ichov\u00e1 Ber\u00e1nkov\u00e1 Francesco Campana Eleonora Caramelli Gabrielle Charrak\u00a0 Paolo D\u2019Angelo Mario Farina Mildred Galland-Szymkowiak Bruno Haas Johannes Korngiebel Yahya Kouroshi Jeong-Im Kwon Francesco Lesce Giampiero Moretti Elena Nardelli Markus Ophaelders Silvia Pieroni Federica Pitillo Juliane Rebentisch Valerio Rocco Lozano Erzs\u00e9bet R\u00f3zsa Luisa Sampugnaro Gabriele Schimmenti Denis Thouard&#8230;<\/p>\n<p class=\"continue-reading-button\"> <a class=\"continue-reading-link\" href=\"https:\/\/bacheca.uniroma3.it\/hpat\/people\/research-group\/\">Continue reading<i class=\"crycon-right-dir\"><\/i><\/a><\/p>\n","protected":false},"author":2,"featured_media":0,"parent":172,"menu_order":3,"comment_status":"closed","ping_status":"closed","template":"","meta":{"footnotes":""},"class_list":["post-251","page","type-page","status-publish","hentry"],"_links":{"self":[{"href":"https:\/\/bacheca.uniroma3.it\/hpat\/wp-json\/wp\/v2\/pages\/251","targetHints":{"allow":["GET"]}}],"collection":[{"href":"https:\/\/bacheca.uniroma3.it\/hpat\/wp-json\/wp\/v2\/pages"}],"about":[{"href":"https:\/\/bacheca.uniroma3.it\/hpat\/wp-json\/wp\/v2\/types\/page"}],"author":[{"embeddable":true,"href":"https:\/\/bacheca.uniroma3.it\/hpat\/wp-json\/wp\/v2\/users\/2"}],"replies":[{"embeddable":true,"href":"https:\/\/bacheca.uniroma3.it\/hpat\/wp-json\/wp\/v2\/comments?post=251"}],"version-history":[{"count":14,"href":"https:\/\/bacheca.uniroma3.it\/hpat\/wp-json\/wp\/v2\/pages\/251\/revisions"}],"predecessor-version":[{"id":1344,"href":"https:\/\/bacheca.uniroma3.it\/hpat\/wp-json\/wp\/v2\/pages\/251\/revisions\/1344"}],"up":[{"embeddable":true,"href":"https:\/\/bacheca.uniroma3.it\/hpat\/wp-json\/wp\/v2\/pages\/172"}],"wp:attachment":[{"href":"https:\/\/bacheca.uniroma3.it\/hpat\/wp-json\/wp\/v2\/media?parent=251"}],"curies":[{"name":"wp","href":"https:\/\/api.w.org\/{rel}","templated":true}]}}