{"id":783,"date":"2018-10-22T11:17:41","date_gmt":"2018-10-22T09:17:41","guid":{"rendered":"http:\/\/lingueletteratureculturestraniere.uniroma3.it\/bacheca\/emlex\/?page_id=2"},"modified":"2018-10-22T11:17:41","modified_gmt":"2018-10-22T09:17:41","slug":"home","status":"publish","type":"page","link":"https:\/\/bacheca.uniroma3.it\/emlex\/home\/","title":{"rendered":"Home"},"content":{"rendered":"<h1 style=\"text-align: center\"><span style=\"color: #000080\"><strong>European Master in Lexicography<\/strong><\/span><\/h1>\n<p style=\"text-align: center\"><img loading=\"lazy\" decoding=\"async\" class=\"alignnone  wp-image-358\" src=\"https:\/\/bacheca.uniroma3.it\/emlex\/wp-content\/uploads\/sites\/5\/2019\/03\/2018-11-18-23-51-29-159-300x225.jpg\" alt=\"\" width=\"331\" height=\"248\" srcset=\"https:\/\/bacheca.uniroma3.it\/emlex\/wp-content\/uploads\/sites\/5\/2019\/03\/2018-11-18-23-51-29-159-300x225.jpg 300w, https:\/\/bacheca.uniroma3.it\/emlex\/wp-content\/uploads\/sites\/5\/2019\/03\/2018-11-18-23-51-29-159-1024x768.jpg 1024w, https:\/\/bacheca.uniroma3.it\/emlex\/wp-content\/uploads\/sites\/5\/2019\/03\/2018-11-18-23-51-29-159-768x576.jpg 768w, https:\/\/bacheca.uniroma3.it\/emlex\/wp-content\/uploads\/sites\/5\/2019\/03\/2018-11-18-23-51-29-159-1536x1152.jpg 1536w, https:\/\/bacheca.uniroma3.it\/emlex\/wp-content\/uploads\/sites\/5\/2019\/03\/2018-11-18-23-51-29-159-1200x900.jpg 1200w, https:\/\/bacheca.uniroma3.it\/emlex\/wp-content\/uploads\/sites\/5\/2019\/03\/2018-11-18-23-51-29-159.jpg 1600w\" sizes=\"auto, (max-width: 331px) 100vw, 331px\" \/><\/p>\n<p style=\"text-align: left\"><strong><span style=\"color: #800000\"><em>Volete far parte di un programma di master di fama internazionale e di formazione nel campo accademico della lessicografia?<\/em><\/span><\/strong><\/p>\n<p><strong><em><span style=\"color: #800000\">Volete diventare studenti del programma European Master of Lexicography (EMLex), un Erasmus Mundus Joint Master Degree che offre un&#8217;istruzione unica al mondo?<\/span><\/em><\/strong><\/p>\n<p><strong>Per guardare il video<\/strong>:\u00a0<a href=\"https:\/\/www.youtube.com\/watch?v=8yr3b4mgm9I\"><strong>Clicca qui<\/strong><\/a><\/p>\n<p style=\"margin: 0cm;margin-bottom: .0001pt;text-align: justify\">Dall\u2019A.A. 2015\/2016 \u00e8 possibile partecipare all&#8217; <strong><em>European Master in Lexicography<\/em><\/strong> presso l\u2019Universit\u00e0 degli Studi Roma Tre. Si tratta di un <em>Joint Master Degree.<\/em><\/p>\n<p style=\"text-align: center\"><img loading=\"lazy\" decoding=\"async\" class=\"alignnone size-medium wp-image-365\" src=\"https:\/\/bacheca.uniroma3.it\/emlex\/wp-content\/uploads\/sites\/5\/2019\/03\/Flyer_EmLex_Web-1-1-300x212.jpg\" alt=\"\" width=\"300\" height=\"212\" srcset=\"https:\/\/bacheca.uniroma3.it\/emlex\/wp-content\/uploads\/sites\/5\/2019\/03\/Flyer_EmLex_Web-1-1-300x212.jpg 300w, https:\/\/bacheca.uniroma3.it\/emlex\/wp-content\/uploads\/sites\/5\/2019\/03\/Flyer_EmLex_Web-1-1-1024x724.jpg 1024w, https:\/\/bacheca.uniroma3.it\/emlex\/wp-content\/uploads\/sites\/5\/2019\/03\/Flyer_EmLex_Web-1-1-768x543.jpg 768w, https:\/\/bacheca.uniroma3.it\/emlex\/wp-content\/uploads\/sites\/5\/2019\/03\/Flyer_EmLex_Web-1-1-1536x1086.jpg 1536w, https:\/\/bacheca.uniroma3.it\/emlex\/wp-content\/uploads\/sites\/5\/2019\/03\/Flyer_EmLex_Web-1-1-1200x848.jpg 1200w, https:\/\/bacheca.uniroma3.it\/emlex\/wp-content\/uploads\/sites\/5\/2019\/03\/Flyer_EmLex_Web-1-1.jpg 1754w\" sizes=\"auto, (max-width: 300px) 100vw, 300px\" \/> <img loading=\"lazy\" decoding=\"async\" class=\"alignnone size-medium wp-image-366\" src=\"https:\/\/bacheca.uniroma3.it\/emlex\/wp-content\/uploads\/sites\/5\/2019\/03\/Flyer_EmLex_Web-2-300x212.jpg\" alt=\"\" width=\"300\" height=\"212\" srcset=\"https:\/\/bacheca.uniroma3.it\/emlex\/wp-content\/uploads\/sites\/5\/2019\/03\/Flyer_EmLex_Web-2-300x212.jpg 300w, https:\/\/bacheca.uniroma3.it\/emlex\/wp-content\/uploads\/sites\/5\/2019\/03\/Flyer_EmLex_Web-2-1024x724.jpg 1024w, https:\/\/bacheca.uniroma3.it\/emlex\/wp-content\/uploads\/sites\/5\/2019\/03\/Flyer_EmLex_Web-2-768x543.jpg 768w, https:\/\/bacheca.uniroma3.it\/emlex\/wp-content\/uploads\/sites\/5\/2019\/03\/Flyer_EmLex_Web-2-1536x1086.jpg 1536w, https:\/\/bacheca.uniroma3.it\/emlex\/wp-content\/uploads\/sites\/5\/2019\/03\/Flyer_EmLex_Web-2-1200x848.jpg 1200w, https:\/\/bacheca.uniroma3.it\/emlex\/wp-content\/uploads\/sites\/5\/2019\/03\/Flyer_EmLex_Web-2.jpg 1754w\" sizes=\"auto, (max-width: 300px) 100vw, 300px\" \/><\/p>\n<p style=\"margin: 0cm 0cm 0.0001pt;text-align: left\"><strong>per scaricare il flyer:<\/strong> <a href=\"https:\/\/bacheca.uniroma3.it\/emlex\/wp-content\/uploads\/sites\/5\/2019\/03\/Flyer_EmLex_Web.pdf\">Flyer_EmLex_Web<\/a><\/p>\n<p style=\"text-align: justify;margin: 0cm 0cm .0001pt 1.0cm\">\n<table style=\"height: 53px\" border=\"0\" width=\"736\" cellspacing=\"0\" cellpadding=\"0\" align=\"left\">\n<tbody>\n<tr style=\"height: 52px\">\n<td style=\"width: 385px;height: 20px\">\n<p style=\"text-align: center\"><strong>Universit\u00e0 partner<\/strong><\/p>\n<\/td>\n<td style=\"width: 297px;height: 20px\">\n<p style=\"text-align: center\"><strong>Partner associati<\/strong><\/p>\n<\/td>\n<\/tr>\n<\/tbody>\n<\/table>\n<table style=\"height: 273px\" border=\"0\" width=\"374\" cellspacing=\"0\" cellpadding=\"0\" align=\"left\">\n<tbody>\n<tr style=\"height: 150px\">\n<td style=\"width: 319px;height: 150px\" valign=\"top\"><a href=\"http:\/\/www.kre.hu\/btk\/index.php\/nemzetkozi-emlex-kepzes\">K\u00e1roli G\u00e1sp\u00e1r Reform\u00e1tus Egyetem Budapest<\/a><\/p>\n<p><a href=\"http:\/\/venus.fil.us.edu.pl\/index2.php?s=emlex\">Uniwersytet \u015al\u0105ski w Katowicach (Kattowitz)<\/a><\/p>\n<p><a href=\"http:\/\/www.atilf.fr\/spip.php?rubrique589\">Universit\u00e9 de Lorraine<\/a><\/p>\n<p><a href=\"http:\/\/emlex.ilch.uminho.pt\/en\/apresentacao\/o-emlex\/\">Universidade do Minho<\/a><\/p>\n<p><a href=\"http:\/\/www.usc.es\/masteres\/es\/masteres\/artes-humanidades\/erasmus-mundus-lexicografia\">Universidade de Santiago de Compostela<\/a><\/p>\n<p><a href=\"http:\/\/www.sun.ac.za\/\">Stellenbosch University<\/a><\/p>\n<p><a title=\"http:\/\/www.emlex.phil.uni-erlangen.de\/ Ctrl+Klicken oder tippen Sie, um dem Link zu folgen.\" href=\"http:\/\/www.emlex.phil.uni-erlangen.de\/\">Universit\u00e4t Erlangen<\/a><\/p>\n<p><a href=\"https:\/\/www.uni-hildesheim.de\/\">Universit\u00e4t Hildesheim<\/a><\/td>\n<td style=\"width: 247px;height: 150px\" valign=\"top\"><a href=\"http:\/\/www.utexas.edu\/\" target=\"_blank\" rel=\"noopener noreferrer\">University of Texas at Austin<\/a><\/p>\n<p><a href=\"http:\/\/www.ids-mannheim.de\/\">Institut f\u00fcr Deutsche Sprache Mannheim<\/a><\/p>\n<p><a href=\"http:\/\/www.ufrgs.br\/ufrgs\/inicial\" target=\"_blank\" rel=\"noopener noreferrer\">Universidade Federal do Rio Grande do Sul<\/a><\/p>\n<p>I<a href=\"https:\/\/www.tsu.ge\/en\/\">vane Javakhishvili Tbilisi State University\u00a0<\/a><\/td>\n<\/tr>\n<\/tbody>\n<\/table>\n","protected":false},"excerpt":{"rendered":"<p>European Master in Lexicography Volete far parte di un programma di master di fama internazionale e di formazione nel campo accademico della lessicografia? Volete diventare studenti del programma European Master of Lexicography (EMLex), un Erasmus Mundus Joint Master Degree che offre un&#8217;istruzione unica al mondo? Per guardare il video:\u00a0Clicca qui Dall\u2019A.A. 2015\/2016 \u00e8 possibile partecipare [&hellip;]<\/p>\n","protected":false},"author":2,"featured_media":0,"parent":0,"menu_order":1,"comment_status":"closed","ping_status":"closed","template":"","meta":{"footnotes":""},"class_list":["post-783","page","type-page","status-publish","hentry"],"_links":{"self":[{"href":"https:\/\/bacheca.uniroma3.it\/emlex\/wp-json\/wp\/v2\/pages\/783","targetHints":{"allow":["GET"]}}],"collection":[{"href":"https:\/\/bacheca.uniroma3.it\/emlex\/wp-json\/wp\/v2\/pages"}],"about":[{"href":"https:\/\/bacheca.uniroma3.it\/emlex\/wp-json\/wp\/v2\/types\/page"}],"author":[{"embeddable":true,"href":"https:\/\/bacheca.uniroma3.it\/emlex\/wp-json\/wp\/v2\/users\/2"}],"replies":[{"embeddable":true,"href":"https:\/\/bacheca.uniroma3.it\/emlex\/wp-json\/wp\/v2\/comments?post=783"}],"version-history":[{"count":0,"href":"https:\/\/bacheca.uniroma3.it\/emlex\/wp-json\/wp\/v2\/pages\/783\/revisions"}],"wp:attachment":[{"href":"https:\/\/bacheca.uniroma3.it\/emlex\/wp-json\/wp\/v2\/media?parent=783"}],"curies":[{"name":"wp","href":"https:\/\/api.w.org\/{rel}","templated":true}]}}