{"id":70,"date":"2019-01-25T10:19:07","date_gmt":"2019-01-25T09:19:07","guid":{"rendered":"http:\/\/lingueletteratureculturestraniere.uniroma3.it\/bacheca\/emlex\/?page_id=70"},"modified":"2019-01-25T10:19:07","modified_gmt":"2019-01-25T09:19:07","slug":"lecture-halls","status":"publish","type":"page","link":"https:\/\/bacheca.uniroma3.it\/emlex\/summer-term-rome\/practical-information\/lecture-halls\/","title":{"rendered":"Cafeteria, bar, trattoria&#8230;"},"content":{"rendered":"\n<p><strong>Caf\u00e9, Cafeteria, Trattoria &#8230; in der N\u00e4he der Universit\u00e4t<\/strong><\/p>\n\n\n\n<figure class=\"wp-block-image\"><img loading=\"lazy\" decoding=\"async\" width=\"724\" height=\"1024\" src=\"https:\/\/bacheca.uniroma3.it\/emlex\/wp-content\/uploads\/sites\/5\/2019\/03\/Bars-Trattoria-724x1024.jpg\" alt=\"\" class=\"wp-image-346\" srcset=\"https:\/\/bacheca.uniroma3.it\/emlex\/wp-content\/uploads\/sites\/5\/2019\/03\/Bars-Trattoria-724x1024.jpg 724w, https:\/\/bacheca.uniroma3.it\/emlex\/wp-content\/uploads\/sites\/5\/2019\/03\/Bars-Trattoria-212x300.jpg 212w, https:\/\/bacheca.uniroma3.it\/emlex\/wp-content\/uploads\/sites\/5\/2019\/03\/Bars-Trattoria-768x1086.jpg 768w, https:\/\/bacheca.uniroma3.it\/emlex\/wp-content\/uploads\/sites\/5\/2019\/03\/Bars-Trattoria-1086x1536.jpg 1086w, https:\/\/bacheca.uniroma3.it\/emlex\/wp-content\/uploads\/sites\/5\/2019\/03\/Bars-Trattoria-1200x1697.jpg 1200w, https:\/\/bacheca.uniroma3.it\/emlex\/wp-content\/uploads\/sites\/5\/2019\/03\/Bars-Trattoria.jpg 1240w\" sizes=\"auto, (max-width: 724px) 100vw, 724px\" \/><\/figure>\n","protected":false},"excerpt":{"rendered":"<p>Caf\u00e9, Cafeteria, Trattoria &#8230; in der N\u00e4he der Universit\u00e4t<\/p>\n","protected":false},"author":2,"featured_media":0,"parent":60,"menu_order":0,"comment_status":"closed","ping_status":"closed","template":"","meta":{"footnotes":""},"class_list":["post-70","page","type-page","status-publish","hentry"],"_links":{"self":[{"href":"https:\/\/bacheca.uniroma3.it\/emlex\/wp-json\/wp\/v2\/pages\/70","targetHints":{"allow":["GET"]}}],"collection":[{"href":"https:\/\/bacheca.uniroma3.it\/emlex\/wp-json\/wp\/v2\/pages"}],"about":[{"href":"https:\/\/bacheca.uniroma3.it\/emlex\/wp-json\/wp\/v2\/types\/page"}],"author":[{"embeddable":true,"href":"https:\/\/bacheca.uniroma3.it\/emlex\/wp-json\/wp\/v2\/users\/2"}],"replies":[{"embeddable":true,"href":"https:\/\/bacheca.uniroma3.it\/emlex\/wp-json\/wp\/v2\/comments?post=70"}],"version-history":[{"count":0,"href":"https:\/\/bacheca.uniroma3.it\/emlex\/wp-json\/wp\/v2\/pages\/70\/revisions"}],"up":[{"embeddable":true,"href":"https:\/\/bacheca.uniroma3.it\/emlex\/wp-json\/wp\/v2\/pages\/60"}],"wp:attachment":[{"href":"https:\/\/bacheca.uniroma3.it\/emlex\/wp-json\/wp\/v2\/media?parent=70"}],"curies":[{"name":"wp","href":"https:\/\/api.w.org\/{rel}","templated":true}]}}