{"id":64,"date":"2019-01-25T10:16:50","date_gmt":"2019-01-25T09:16:50","guid":{"rendered":"http:\/\/lingueletteratureculturestraniere.uniroma3.it\/bacheca\/emlex\/?page_id=64"},"modified":"2019-01-25T10:16:50","modified_gmt":"2019-01-25T09:16:50","slug":"guest-lectures","status":"publish","type":"page","link":"https:\/\/bacheca.uniroma3.it\/emlex\/summer-term-rome\/guest-lectures\/","title":{"rendered":"Guest lectures"},"content":{"rendered":"\n<p style=\"text-align:center\"><strong>Guest lectures from March to May 2019<\/strong><\/p>\n\n\n\n<figure class=\"wp-block-image\"><img loading=\"lazy\" decoding=\"async\" width=\"724\" height=\"1024\" src=\"https:\/\/bacheca.uniroma3.it\/emlex\/wp-content\/uploads\/sites\/5\/2019\/02\/ManifestoEMLex-_-Guest-lectures_-ciclo-conferene_2_colonne-724x1024.jpg\" alt=\"\" class=\"wp-image-282\" srcset=\"https:\/\/bacheca.uniroma3.it\/emlex\/wp-content\/uploads\/sites\/5\/2019\/02\/ManifestoEMLex-_-Guest-lectures_-ciclo-conferene_2_colonne-724x1024.jpg 724w, https:\/\/bacheca.uniroma3.it\/emlex\/wp-content\/uploads\/sites\/5\/2019\/02\/ManifestoEMLex-_-Guest-lectures_-ciclo-conferene_2_colonne-212x300.jpg 212w, https:\/\/bacheca.uniroma3.it\/emlex\/wp-content\/uploads\/sites\/5\/2019\/02\/ManifestoEMLex-_-Guest-lectures_-ciclo-conferene_2_colonne-768x1086.jpg 768w, https:\/\/bacheca.uniroma3.it\/emlex\/wp-content\/uploads\/sites\/5\/2019\/02\/ManifestoEMLex-_-Guest-lectures_-ciclo-conferene_2_colonne-1086x1536.jpg 1086w, https:\/\/bacheca.uniroma3.it\/emlex\/wp-content\/uploads\/sites\/5\/2019\/02\/ManifestoEMLex-_-Guest-lectures_-ciclo-conferene_2_colonne-1448x2048.jpg 1448w, https:\/\/bacheca.uniroma3.it\/emlex\/wp-content\/uploads\/sites\/5\/2019\/02\/ManifestoEMLex-_-Guest-lectures_-ciclo-conferene_2_colonne-1200x1697.jpg 1200w, https:\/\/bacheca.uniroma3.it\/emlex\/wp-content\/uploads\/sites\/5\/2019\/02\/ManifestoEMLex-_-Guest-lectures_-ciclo-conferene_2_colonne-1980x2800.jpg 1980w, https:\/\/bacheca.uniroma3.it\/emlex\/wp-content\/uploads\/sites\/5\/2019\/02\/ManifestoEMLex-_-Guest-lectures_-ciclo-conferene_2_colonne-scaled.jpg 1810w\" sizes=\"auto, (max-width: 724px) 100vw, 724px\" \/><\/figure>\n\n\n\n<p><strong>Programme to download<\/strong><\/p>\n\n\n\n<div class=\"wp-block-file\"><a href=\"https:\/\/bacheca.uniroma3.it\/emlex\/wp-content\/uploads\/sites\/5\/2019\/05\/1.-Ciclo-di-conferenze-guest-lectures.pdf\">1. Ciclo di conferenze &#8211; guest lectures<\/a><a href=\"https:\/\/bacheca.uniroma3.it\/emlex\/wp-content\/uploads\/sites\/5\/2019\/05\/1.-Ciclo-di-conferenze-guest-lectures.pdf\" class=\"wp-block-file__button\" download>Scarica<\/a><\/div>\n\n\n\n<p><strong>Abstracts to download:<\/strong><\/p>\n\n\n\n<div class=\"wp-block-file\"><a href=\"https:\/\/bacheca.uniroma3.it\/emlex\/wp-content\/uploads\/sites\/5\/2019\/03\/Abstract-Heft-Guest-lectures.pdf\">Abstract-Heft-Guest-lectures<\/a><a href=\"https:\/\/bacheca.uniroma3.it\/emlex\/wp-content\/uploads\/sites\/5\/2019\/03\/Abstract-Heft-Guest-lectures.pdf\" class=\"wp-block-file__button\" download>Scarica<\/a><\/div>\n\n\n\n<div class=\"wp-block-image\"><figure class=\"aligncenter is-resized\"><img loading=\"lazy\" decoding=\"async\" src=\"https:\/\/bacheca.uniroma3.it\/emlex\/wp-content\/uploads\/sites\/5\/2019\/04\/20190312_134222-1024x576.jpg\" alt=\"\" class=\"wp-image-532\" width=\"475\" height=\"267\" srcset=\"https:\/\/bacheca.uniroma3.it\/emlex\/wp-content\/uploads\/sites\/5\/2019\/04\/20190312_134222-1024x576.jpg 1024w, https:\/\/bacheca.uniroma3.it\/emlex\/wp-content\/uploads\/sites\/5\/2019\/04\/20190312_134222-300x169.jpg 300w, https:\/\/bacheca.uniroma3.it\/emlex\/wp-content\/uploads\/sites\/5\/2019\/04\/20190312_134222-768x432.jpg 768w, https:\/\/bacheca.uniroma3.it\/emlex\/wp-content\/uploads\/sites\/5\/2019\/04\/20190312_134222-1536x864.jpg 1536w, https:\/\/bacheca.uniroma3.it\/emlex\/wp-content\/uploads\/sites\/5\/2019\/04\/20190312_134222-2048x1152.jpg 2048w, https:\/\/bacheca.uniroma3.it\/emlex\/wp-content\/uploads\/sites\/5\/2019\/04\/20190312_134222-1200x675.jpg 1200w, https:\/\/bacheca.uniroma3.it\/emlex\/wp-content\/uploads\/sites\/5\/2019\/04\/20190312_134222-1980x1114.jpg 1980w\" sizes=\"auto, (max-width: 475px) 100vw, 475px\" \/><figcaption>Mar\u00eda Teresa Sanmarco Bande (Universidade de Santiago de Compostela, Spagna):  <em>Palabras culturales y falsos amigos l\u00e9xicos entre lenguas afines: la lexicograf\u00eda italoespa\u00f1ola de la \u00faltima d\u00e9cada<\/em> <\/figcaption><\/figure><\/div>\n\n\n\n<div class=\"wp-block-image\"><figure class=\"aligncenter is-resized\"><img loading=\"lazy\" decoding=\"async\" src=\"https:\/\/bacheca.uniroma3.it\/emlex\/wp-content\/uploads\/sites\/5\/2019\/04\/20190328_111449-1-1024x576.jpg\" alt=\"\" class=\"wp-image-541\" width=\"477\" height=\"268\" srcset=\"https:\/\/bacheca.uniroma3.it\/emlex\/wp-content\/uploads\/sites\/5\/2019\/04\/20190328_111449-1-1024x576.jpg 1024w, https:\/\/bacheca.uniroma3.it\/emlex\/wp-content\/uploads\/sites\/5\/2019\/04\/20190328_111449-1-300x169.jpg 300w, https:\/\/bacheca.uniroma3.it\/emlex\/wp-content\/uploads\/sites\/5\/2019\/04\/20190328_111449-1-768x432.jpg 768w, https:\/\/bacheca.uniroma3.it\/emlex\/wp-content\/uploads\/sites\/5\/2019\/04\/20190328_111449-1-1536x864.jpg 1536w, https:\/\/bacheca.uniroma3.it\/emlex\/wp-content\/uploads\/sites\/5\/2019\/04\/20190328_111449-1-2048x1152.jpg 2048w, https:\/\/bacheca.uniroma3.it\/emlex\/wp-content\/uploads\/sites\/5\/2019\/04\/20190328_111449-1-1200x675.jpg 1200w, https:\/\/bacheca.uniroma3.it\/emlex\/wp-content\/uploads\/sites\/5\/2019\/04\/20190328_111449-1-1980x1114.jpg 1980w\" sizes=\"auto, (max-width: 477px) 100vw, 477px\" \/><figcaption>Felix San Vicente (Universit\u00e0 degli Studi di Bologna-Forl\u00ec): <br><em>Historia y cr\u00edtica de la lexicograf\u00eda italoespa\u00f1ola <\/em><\/figcaption><\/figure><\/div>\n\n\n\n<div class=\"wp-block-image\"><figure class=\"aligncenter is-resized\"><img loading=\"lazy\" decoding=\"async\" src=\"https:\/\/bacheca.uniroma3.it\/emlex\/wp-content\/uploads\/sites\/5\/2019\/05\/FINATTO.jpg\" alt=\"\" class=\"wp-image-657\" width=\"285\" height=\"379\" srcset=\"https:\/\/bacheca.uniroma3.it\/emlex\/wp-content\/uploads\/sites\/5\/2019\/05\/FINATTO.jpg 456w, https:\/\/bacheca.uniroma3.it\/emlex\/wp-content\/uploads\/sites\/5\/2019\/05\/FINATTO-225x300.jpg 225w\" sizes=\"auto, (max-width: 285px) 100vw, 285px\" \/><figcaption> Maria Jos\u00e9 Bocorny Finatto (Universidade Federal do Rio Grande do Sul, Porto Alegre, Brazil): <em>Methoden der Fachlexikographie. Der brasilianische Ansatz<\/em><\/figcaption><\/figure><\/div>\n\n\n\n<div class=\"wp-block-image\"><figure class=\"aligncenter is-resized\"><img loading=\"lazy\" decoding=\"async\" src=\"https:\/\/bacheca.uniroma3.it\/emlex\/wp-content\/uploads\/sites\/5\/2019\/05\/Kolb.jpg\" alt=\"\" class=\"wp-image-660\" width=\"275\" height=\"366\" srcset=\"https:\/\/bacheca.uniroma3.it\/emlex\/wp-content\/uploads\/sites\/5\/2019\/05\/Kolb.jpg 456w, https:\/\/bacheca.uniroma3.it\/emlex\/wp-content\/uploads\/sites\/5\/2019\/05\/Kolb-225x300.jpg 225w\" sizes=\"auto, (max-width: 275px) 100vw, 275px\" \/><figcaption>Susanne Kolb (Publishing House Zanichelli Bologna, Italy): <em>Kollokationen und Valenz im deutsch-italienischen W\u00f6rterbuch Zanichelli Klett Pons  <\/em>    <\/figcaption><\/figure><\/div>\n\n\n\n<div class=\"wp-block-image\"><figure class=\"aligncenter is-resized\"><img loading=\"lazy\" decoding=\"async\" src=\"https:\/\/bacheca.uniroma3.it\/emlex\/wp-content\/uploads\/sites\/5\/2019\/05\/Kolb-Dias.jpg\" alt=\"\" class=\"wp-image-662\" width=\"484\" height=\"362\" srcset=\"https:\/\/bacheca.uniroma3.it\/emlex\/wp-content\/uploads\/sites\/5\/2019\/05\/Kolb-Dias.jpg 811w, https:\/\/bacheca.uniroma3.it\/emlex\/wp-content\/uploads\/sites\/5\/2019\/05\/Kolb-Dias-300x225.jpg 300w, https:\/\/bacheca.uniroma3.it\/emlex\/wp-content\/uploads\/sites\/5\/2019\/05\/Kolb-Dias-768x576.jpg 768w\" sizes=\"auto, (max-width: 484px) 100vw, 484px\" \/><\/figure><\/div>\n\n\n\n<div class=\"wp-block-image\"><figure class=\"aligncenter is-resized\"><img loading=\"lazy\" decoding=\"async\" src=\"https:\/\/bacheca.uniroma3.it\/emlex\/wp-content\/uploads\/sites\/5\/2019\/05\/Melchior.jpg\" alt=\"\" class=\"wp-image-663\" width=\"295\" height=\"393\" srcset=\"https:\/\/bacheca.uniroma3.it\/emlex\/wp-content\/uploads\/sites\/5\/2019\/05\/Melchior.jpg 456w, https:\/\/bacheca.uniroma3.it\/emlex\/wp-content\/uploads\/sites\/5\/2019\/05\/Melchior-225x300.jpg 225w\" sizes=\"auto, (max-width: 295px) 100vw, 295px\" \/><figcaption>Luca Melchior (Alpen-Adria-Universit\u00e4t Klagenfurt, Austria): Hic sunt leones<em> \u2013 Die LEO-W\u00f6rterb\u00fccher als Pioniere in der Online-Lexikographie <\/em><\/figcaption><\/figure><\/div>\n\n\n\n<div class=\"wp-block-image\"><figure class=\"aligncenter is-resized\"><img loading=\"lazy\" decoding=\"async\" src=\"https:\/\/bacheca.uniroma3.it\/emlex\/wp-content\/uploads\/sites\/5\/2019\/05\/Lancioni-1.jpg\" alt=\"\" class=\"wp-image-665\" width=\"300\" height=\"400\" srcset=\"https:\/\/bacheca.uniroma3.it\/emlex\/wp-content\/uploads\/sites\/5\/2019\/05\/Lancioni-1.jpg 456w, https:\/\/bacheca.uniroma3.it\/emlex\/wp-content\/uploads\/sites\/5\/2019\/05\/Lancioni-1-225x300.jpg 225w\" sizes=\"auto, (max-width: 300px) 100vw, 300px\" \/><figcaption>Giuliano Lancioni (Universit\u00e0 degli Studi Roma Tre, Italy):  <em>Arabic Lexicography: the dictionary project Italian-Arabic of the Istituto per l&#8217;Oriente<\/em><\/figcaption><\/figure><\/div>\n\n\n\n<div class=\"wp-block-image\"><figure class=\"aligncenter is-resized\"><img loading=\"lazy\" decoding=\"async\" src=\"https:\/\/bacheca.uniroma3.it\/emlex\/wp-content\/uploads\/sites\/5\/2019\/05\/Lancioni-1024x568.jpg\" alt=\"\" class=\"wp-image-667\" width=\"629\" height=\"348\" srcset=\"https:\/\/bacheca.uniroma3.it\/emlex\/wp-content\/uploads\/sites\/5\/2019\/05\/Lancioni-1024x568.jpg 1024w, https:\/\/bacheca.uniroma3.it\/emlex\/wp-content\/uploads\/sites\/5\/2019\/05\/Lancioni-300x166.jpg 300w, https:\/\/bacheca.uniroma3.it\/emlex\/wp-content\/uploads\/sites\/5\/2019\/05\/Lancioni-768x426.jpg 768w, https:\/\/bacheca.uniroma3.it\/emlex\/wp-content\/uploads\/sites\/5\/2019\/05\/Lancioni.jpg 1097w\" sizes=\"auto, (max-width: 629px) 100vw, 629px\" \/><\/figure><\/div>\n\n\n\n<div class=\"wp-block-image\"><figure class=\"aligncenter is-resized\"><img loading=\"lazy\" decoding=\"async\" src=\"https:\/\/bacheca.uniroma3.it\/emlex\/wp-content\/uploads\/sites\/5\/2019\/05\/Boas-768x1024.jpg\" alt=\"\" class=\"wp-image-672\" width=\"308\" height=\"408\" \/><figcaption>Hans C. Boas (University of Austin, Texas, USA):  <em>Semantic frames as a metalanguage for contrastive lexicography<\/em> <\/figcaption><\/figure><\/div>\n\n\n\n<div class=\"wp-block-image\"><figure class=\"aligncenter is-resized\"><img loading=\"lazy\" decoding=\"async\" src=\"https:\/\/bacheca.uniroma3.it\/emlex\/wp-content\/uploads\/sites\/5\/2019\/05\/Boas-Gruppe-1024x768.jpg\" alt=\"\" class=\"wp-image-675\" width=\"588\" height=\"441\" srcset=\"https:\/\/bacheca.uniroma3.it\/emlex\/wp-content\/uploads\/sites\/5\/2019\/05\/Boas-Gruppe-1024x768.jpg 1024w, https:\/\/bacheca.uniroma3.it\/emlex\/wp-content\/uploads\/sites\/5\/2019\/05\/Boas-Gruppe-300x225.jpg 300w, https:\/\/bacheca.uniroma3.it\/emlex\/wp-content\/uploads\/sites\/5\/2019\/05\/Boas-Gruppe-768x576.jpg 768w, https:\/\/bacheca.uniroma3.it\/emlex\/wp-content\/uploads\/sites\/5\/2019\/05\/Boas-Gruppe-1536x1152.jpg 1536w, https:\/\/bacheca.uniroma3.it\/emlex\/wp-content\/uploads\/sites\/5\/2019\/05\/Boas-Gruppe-2048x1536.jpg 2048w, https:\/\/bacheca.uniroma3.it\/emlex\/wp-content\/uploads\/sites\/5\/2019\/05\/Boas-Gruppe-1200x900.jpg 1200w, https:\/\/bacheca.uniroma3.it\/emlex\/wp-content\/uploads\/sites\/5\/2019\/05\/Boas-Gruppe-1980x1485.jpg 1980w\" sizes=\"auto, (max-width: 588px) 100vw, 588px\" \/><\/figure><\/div>\n\n\n\n<div class=\"wp-block-image\"><figure class=\"aligncenter is-resized\"><img loading=\"lazy\" decoding=\"async\" src=\"https:\/\/bacheca.uniroma3.it\/emlex\/wp-content\/uploads\/sites\/5\/2019\/05\/GAETA-1024x724.jpg\" alt=\"\" class=\"wp-image-695\" width=\"520\" height=\"368\" srcset=\"https:\/\/bacheca.uniroma3.it\/emlex\/wp-content\/uploads\/sites\/5\/2019\/05\/GAETA-1024x724.jpg 1024w, https:\/\/bacheca.uniroma3.it\/emlex\/wp-content\/uploads\/sites\/5\/2019\/05\/GAETA-300x212.jpg 300w, https:\/\/bacheca.uniroma3.it\/emlex\/wp-content\/uploads\/sites\/5\/2019\/05\/GAETA-768x543.jpg 768w, https:\/\/bacheca.uniroma3.it\/emlex\/wp-content\/uploads\/sites\/5\/2019\/05\/GAETA-1536x1086.jpg 1536w, https:\/\/bacheca.uniroma3.it\/emlex\/wp-content\/uploads\/sites\/5\/2019\/05\/GAETA-1200x848.jpg 1200w, https:\/\/bacheca.uniroma3.it\/emlex\/wp-content\/uploads\/sites\/5\/2019\/05\/GAETA.jpg 1754w\" sizes=\"auto, (max-width: 520px) 100vw, 520px\" \/><figcaption>Livio Gaeta (Universit\u00e0 degli Studi di Torino)<\/figcaption><\/figure><\/div>\n\n\n\n<div class=\"wp-block-image\"><figure class=\"aligncenter\"><img loading=\"lazy\" decoding=\"async\" width=\"1024\" height=\"768\" src=\"https:\/\/bacheca.uniroma3.it\/emlex\/wp-content\/uploads\/sites\/5\/2019\/05\/Gruppe-Reichmann-Rocchi-1024x768.jpg\" alt=\"\" class=\"wp-image-697\" srcset=\"https:\/\/bacheca.uniroma3.it\/emlex\/wp-content\/uploads\/sites\/5\/2019\/05\/Gruppe-Reichmann-Rocchi-1024x768.jpg 1024w, https:\/\/bacheca.uniroma3.it\/emlex\/wp-content\/uploads\/sites\/5\/2019\/05\/Gruppe-Reichmann-Rocchi-300x225.jpg 300w, https:\/\/bacheca.uniroma3.it\/emlex\/wp-content\/uploads\/sites\/5\/2019\/05\/Gruppe-Reichmann-Rocchi-768x576.jpg 768w, https:\/\/bacheca.uniroma3.it\/emlex\/wp-content\/uploads\/sites\/5\/2019\/05\/Gruppe-Reichmann-Rocchi-1536x1152.jpg 1536w, https:\/\/bacheca.uniroma3.it\/emlex\/wp-content\/uploads\/sites\/5\/2019\/05\/Gruppe-Reichmann-Rocchi-2048x1536.jpg 2048w, https:\/\/bacheca.uniroma3.it\/emlex\/wp-content\/uploads\/sites\/5\/2019\/05\/Gruppe-Reichmann-Rocchi-1200x900.jpg 1200w, https:\/\/bacheca.uniroma3.it\/emlex\/wp-content\/uploads\/sites\/5\/2019\/05\/Gruppe-Reichmann-Rocchi-1980x1485.jpg 1980w\" sizes=\"auto, (max-width: 1024px) 100vw, 1024px\" \/><figcaption>Martina Nied (Rome 3 University), Mario De Nonno (Rome 3 University), Oskar Reichmann (Akademie der Wissenschaften G\u00f6ttingen), Paolo Vaciago (Rome 3 University), Anja Lobenstein-Reichmann (Akademie der WIssenschaften G\u00f6ttingen), EMLEX-Students: Umida Oreyeva, Liljana Ristova, Ksenja Pavelko, Lanfeng Huang, Dagmara Magryta, Temitope Adetoyese, Malina Patel, Mahsa Mohammadi Afri, Stefano Rocchi (Ludwig-Maximilian-Universit\u00e4t M\u00fcnchen) <\/figcaption><\/figure><\/div>\n\n\n\n<p><\/p>\n","protected":false},"excerpt":{"rendered":"<p>Guest lectures from March to May 2019 Programme to download Abstracts to download:<\/p>\n","protected":false},"author":2,"featured_media":0,"parent":58,"menu_order":5,"comment_status":"closed","ping_status":"closed","template":"","meta":{"footnotes":""},"class_list":["post-64","page","type-page","status-publish","hentry"],"_links":{"self":[{"href":"https:\/\/bacheca.uniroma3.it\/emlex\/wp-json\/wp\/v2\/pages\/64","targetHints":{"allow":["GET"]}}],"collection":[{"href":"https:\/\/bacheca.uniroma3.it\/emlex\/wp-json\/wp\/v2\/pages"}],"about":[{"href":"https:\/\/bacheca.uniroma3.it\/emlex\/wp-json\/wp\/v2\/types\/page"}],"author":[{"embeddable":true,"href":"https:\/\/bacheca.uniroma3.it\/emlex\/wp-json\/wp\/v2\/users\/2"}],"replies":[{"embeddable":true,"href":"https:\/\/bacheca.uniroma3.it\/emlex\/wp-json\/wp\/v2\/comments?post=64"}],"version-history":[{"count":0,"href":"https:\/\/bacheca.uniroma3.it\/emlex\/wp-json\/wp\/v2\/pages\/64\/revisions"}],"up":[{"embeddable":true,"href":"https:\/\/bacheca.uniroma3.it\/emlex\/wp-json\/wp\/v2\/pages\/58"}],"wp:attachment":[{"href":"https:\/\/bacheca.uniroma3.it\/emlex\/wp-json\/wp\/v2\/media?parent=64"}],"curies":[{"name":"wp","href":"https:\/\/api.w.org\/{rel}","templated":true}]}}