{"id":62,"date":"2019-01-25T10:16:25","date_gmt":"2019-01-25T09:16:25","guid":{"rendered":"http:\/\/lingueletteratureculturestraniere.uniroma3.it\/bacheca\/emlex\/?page_id=62"},"modified":"2019-01-25T10:16:25","modified_gmt":"2019-01-25T09:16:25","slug":"a-modules","status":"publish","type":"page","link":"https:\/\/bacheca.uniroma3.it\/emlex\/summer-term-rome\/a-modules\/","title":{"rendered":"A-modules"},"content":{"rendered":"\n<p> Here you can find an overview of the EMLex-modules which are taught in the 2nd semester. \/ Hier k\u00f6nnen Sie einen \u00dcberblick \u00fcber die A-Module finden, die im 2. Semester unterrichtet werden \/ Qui trovate un overview dei moduli avanzti che si insegnano al 2\u00b0 semestre. <\/p>\n\n\n\n<p><a href=\"https:\/\/www.emlex.phil.fau.eu\/course-of-study\/modulbeschreibungen\/advanced-modules\/\">https:\/\/www.emlex.phil.fau.eu\/course-of-study\/modulbeschreibungen\/advanced-modules\/<\/a><\/p>\n\n\n\n<p><strong>Timetable A modules\/ Stundenplan A-Module\/ Orario moduli A<\/strong><\/p>\n\n\n\n<figure class=\"wp-block-image\"><img loading=\"lazy\" decoding=\"async\" width=\"886\" height=\"629\" src=\"https:\/\/bacheca.uniroma3.it\/emlex\/wp-content\/uploads\/sites\/5\/2019\/02\/Reihenfolge-A-Module.png\" alt=\"\" class=\"wp-image-264\" srcset=\"https:\/\/bacheca.uniroma3.it\/emlex\/wp-content\/uploads\/sites\/5\/2019\/02\/Reihenfolge-A-Module.png 886w, https:\/\/bacheca.uniroma3.it\/emlex\/wp-content\/uploads\/sites\/5\/2019\/02\/Reihenfolge-A-Module-300x213.png 300w, https:\/\/bacheca.uniroma3.it\/emlex\/wp-content\/uploads\/sites\/5\/2019\/02\/Reihenfolge-A-Module-768x545.png 768w\" sizes=\"auto, (max-width: 886px) 100vw, 886px\" \/><\/figure>\n\n\n\n<p><strong>NEW module description of A3, A4, A6, A8 :<\/strong><\/p>\n\n\n\n<div class=\"wp-block-file\"><a href=\"https:\/\/bacheca.uniroma3.it\/emlex\/wp-content\/uploads\/sites\/5\/2019\/02\/A3-EMLex-Module-description-NEW.pdf\">A3-EMLex-Module-description-NEW<\/a><a href=\"https:\/\/bacheca.uniroma3.it\/emlex\/wp-content\/uploads\/sites\/5\/2019\/02\/A3-EMLex-Module-description-NEW.pdf\" class=\"wp-block-file__button\" download>Scarica<\/a><\/div>\n\n\n\n<div class=\"wp-block-file\"><a href=\"https:\/\/bacheca.uniroma3.it\/emlex\/wp-content\/uploads\/sites\/5\/2019\/02\/EMLex-A4-module-description-NEW.pdf\">EMLex-A4-module description-NEW<\/a><a href=\"https:\/\/bacheca.uniroma3.it\/emlex\/wp-content\/uploads\/sites\/5\/2019\/02\/EMLex-A4-module-description-NEW.pdf\" class=\"wp-block-file__button\" download>Scarica<\/a><\/div>\n\n\n\n<div class=\"wp-block-file\"><a href=\"https:\/\/bacheca.uniroma3.it\/emlex\/wp-content\/uploads\/sites\/5\/2019\/02\/A6-EMLex-Content-and-schedule-NEW.pdf\">A6-EMLex-Content-and-schedule-NEW<\/a><a href=\"https:\/\/bacheca.uniroma3.it\/emlex\/wp-content\/uploads\/sites\/5\/2019\/02\/A6-EMLex-Content-and-schedule-NEW.pdf\" class=\"wp-block-file__button\" download>Scarica<\/a><\/div>\n\n\n\n<div class=\"wp-block-file\"><a href=\"https:\/\/bacheca.uniroma3.it\/emlex\/wp-content\/uploads\/sites\/5\/2019\/02\/A8-EMLex-Lexicography-and-lexicology-module-description-NEW.pdf\">A8-EMLex-Lexicography-and-lexicology-module-description-NEW<\/a><a href=\"https:\/\/bacheca.uniroma3.it\/emlex\/wp-content\/uploads\/sites\/5\/2019\/02\/A8-EMLex-Lexicography-and-lexicology-module-description-NEW.pdf\" class=\"wp-block-file__button\" download>Scarica<\/a><\/div>\n\n\n\n<p>  <\/p>\n\n\n\n<p><strong>Timetable of every single module:<\/strong><\/p>\n\n\n\n<div class=\"wp-block-file\"><a href=\"https:\/\/bacheca.uniroma3.it\/emlex\/wp-content\/uploads\/sites\/5\/2019\/02\/Timetable-A6-Evert-Heid-4-8-march-1.pdf\">Timetable-A6 (Evert, Heid), 4-8 march<\/a><a href=\"https:\/\/bacheca.uniroma3.it\/emlex\/wp-content\/uploads\/sites\/5\/2019\/02\/Timetable-A6-Evert-Heid-4-8-march-1.pdf\" class=\"wp-block-file__button\" download>Scarica<\/a><\/div>\n\n\n\n<div class=\"wp-block-file\"><a href=\"https:\/\/bacheca.uniroma3.it\/emlex\/wp-content\/uploads\/sites\/5\/2019\/02\/Timetable-A1-Gouws-Hollos-11-15-march.pdf\">Timetable-A1 (Gouws, Hollos), 11-15 march<\/a><a href=\"https:\/\/bacheca.uniroma3.it\/emlex\/wp-content\/uploads\/sites\/5\/2019\/02\/Timetable-A1-Gouws-Hollos-11-15-march.pdf\" class=\"wp-block-file__button\" download>Scarica<\/a><\/div>\n\n\n\n<div class=\"wp-block-file\"><a href=\"https:\/\/bacheca.uniroma3.it\/emlex\/wp-content\/uploads\/sites\/5\/2019\/02\/Timetable-A3-Meyer-18-22-march.pdf\">Timetable-A3 (Meyer), 18-22 march<\/a><a href=\"https:\/\/bacheca.uniroma3.it\/emlex\/wp-content\/uploads\/sites\/5\/2019\/02\/Timetable-A3-Meyer-18-22-march.pdf\" class=\"wp-block-file__button\" download>Scarica<\/a><\/div>\n\n\n\n<div class=\"wp-block-file\"><a href=\"https:\/\/bacheca.uniroma3.it\/emlex\/wp-content\/uploads\/sites\/5\/2019\/02\/Timetable-A5-Schierholz-Dias-Finatto-1-5-april.pdf\">Timetable-A5 (Schierholz, Dias, Finatto), 1-5 april<\/a><a href=\"https:\/\/bacheca.uniroma3.it\/emlex\/wp-content\/uploads\/sites\/5\/2019\/02\/Timetable-A5-Schierholz-Dias-Finatto-1-5-april.pdf\" class=\"wp-block-file__button\" download>Scarica<\/a><\/div>\n\n\n\n<div class=\"wp-block-file\"><a href=\"https:\/\/bacheca.uniroma3.it\/emlex\/wp-content\/uploads\/sites\/5\/2019\/04\/Timetable-Engelberg-NEW.pdf\">Timetable Engelberg &#8211; NEW<\/a><a href=\"https:\/\/bacheca.uniroma3.it\/emlex\/wp-content\/uploads\/sites\/5\/2019\/04\/Timetable-Engelberg-NEW.pdf\" class=\"wp-block-file__button\" download>Scarica<\/a><\/div>\n\n\n\n<div class=\"wp-block-file\"><a href=\"https:\/\/bacheca.uniroma3.it\/emlex\/wp-content\/uploads\/sites\/5\/2019\/02\/Timetable-A7-Dominguez-Mateo-8-12-april.pdf\">Timetable-A7 (Dominguez, Mateo), 8-12 april<\/a><a href=\"https:\/\/bacheca.uniroma3.it\/emlex\/wp-content\/uploads\/sites\/5\/2019\/02\/Timetable-A7-Dominguez-Mateo-8-12-april.pdf\" class=\"wp-block-file__button\" download>Scarica<\/a><\/div>\n\n\n\n<div class=\"wp-block-file\"><a href=\"https:\/\/bacheca.uniroma3.it\/emlex\/wp-content\/uploads\/sites\/5\/2019\/02\/Timetable-A8-Valcarcel-Margalitadze-6-10-may.pdf\">Timetable-A8 (Valcarcel, Margalitadze), 6-10 may<\/a><a href=\"https:\/\/bacheca.uniroma3.it\/emlex\/wp-content\/uploads\/sites\/5\/2019\/02\/Timetable-A8-Valcarcel-Margalitadze-6-10-may.pdf\" class=\"wp-block-file__button\" download>Scarica<\/a><\/div>\n\n\n\n<div class=\"wp-block-file\"><a href=\"https:\/\/bacheca.uniroma3.it\/emlex\/wp-content\/uploads\/sites\/5\/2019\/02\/Timetable-A2-Vaciago-Lobenstein-13-17-may.pdf\">Timetable-A2 (Vaciago, Lobenstein), 13-17 may<\/a><a href=\"https:\/\/bacheca.uniroma3.it\/emlex\/wp-content\/uploads\/sites\/5\/2019\/02\/Timetable-A2-Vaciago-Lobenstein-13-17-may.pdf\" class=\"wp-block-file__button\" download>Scarica<\/a><\/div>\n\n\n\n<div class=\"wp-block-file\"><a href=\"https:\/\/bacheca.uniroma3.it\/emlex\/wp-content\/uploads\/sites\/5\/2019\/02\/Timetable-A4-M\u00fcller-Spitzer-Wolfer-27-31-may.pdf\">Timetable-A4 (M\u00fcller-Spitzer, Wolfer), 27-31 may<\/a><a href=\"https:\/\/bacheca.uniroma3.it\/emlex\/wp-content\/uploads\/sites\/5\/2019\/02\/Timetable-A4-M\u00fcller-Spitzer-Wolfer-27-31-may.pdf\" class=\"wp-block-file__button\" download>Scarica<\/a><\/div>\n","protected":false},"excerpt":{"rendered":"<p>Here you can find an overview of the EMLex-modules which are taught in the 2nd semester. \/ Hier k\u00f6nnen Sie einen \u00dcberblick \u00fcber die A-Module finden, die im 2. Semester unterrichtet werden \/ Qui trovate un overview dei moduli avanzti che si insegnano al 2\u00b0 semestre. https:\/\/www.emlex.phil.fau.eu\/course-of-study\/modulbeschreibungen\/advanced-modules\/ Timetable A modules\/ Stundenplan A-Module\/ Orario moduli A [&hellip;]<\/p>\n","protected":false},"author":2,"featured_media":0,"parent":58,"menu_order":4,"comment_status":"closed","ping_status":"closed","template":"","meta":{"footnotes":""},"class_list":["post-62","page","type-page","status-publish","hentry"],"_links":{"self":[{"href":"https:\/\/bacheca.uniroma3.it\/emlex\/wp-json\/wp\/v2\/pages\/62","targetHints":{"allow":["GET"]}}],"collection":[{"href":"https:\/\/bacheca.uniroma3.it\/emlex\/wp-json\/wp\/v2\/pages"}],"about":[{"href":"https:\/\/bacheca.uniroma3.it\/emlex\/wp-json\/wp\/v2\/types\/page"}],"author":[{"embeddable":true,"href":"https:\/\/bacheca.uniroma3.it\/emlex\/wp-json\/wp\/v2\/users\/2"}],"replies":[{"embeddable":true,"href":"https:\/\/bacheca.uniroma3.it\/emlex\/wp-json\/wp\/v2\/comments?post=62"}],"version-history":[{"count":0,"href":"https:\/\/bacheca.uniroma3.it\/emlex\/wp-json\/wp\/v2\/pages\/62\/revisions"}],"up":[{"embeddable":true,"href":"https:\/\/bacheca.uniroma3.it\/emlex\/wp-json\/wp\/v2\/pages\/58"}],"wp:attachment":[{"href":"https:\/\/bacheca.uniroma3.it\/emlex\/wp-json\/wp\/v2\/media?parent=62"}],"curies":[{"name":"wp","href":"https:\/\/api.w.org\/{rel}","templated":true}]}}