{"id":60,"date":"2019-01-25T10:15:33","date_gmt":"2019-01-25T09:15:33","guid":{"rendered":"http:\/\/lingueletteratureculturestraniere.uniroma3.it\/bacheca\/emlex\/?page_id=60"},"modified":"2019-01-25T10:15:33","modified_gmt":"2019-01-25T09:15:33","slug":"practical-information","status":"publish","type":"page","link":"https:\/\/bacheca.uniroma3.it\/emlex\/summer-term-rome\/practical-information\/","title":{"rendered":"How to arrive"},"content":{"rendered":"\n<p><strong>Adresse und Anfahrt zur Universit\u00e4t<\/strong><\/p>\n\n\n\n<p>Universit\u00e0 degli Studi Roma Tre<\/p>\n\n\n\n<p>Dipartimento di Lingue\nLetterature e Culture Straniere<\/p>\n\n\n\n<p><strong>Aula D<\/strong><\/p>\n\n\n\n<p>Via Ostiense 236<\/p>\n\n\n\n<p>00146 Roma<\/p>\n\n\n\n<p>Tel. +39 06 57338-999<\/p>\n\n\n\n<p>So kommt ihr zu unserer Universit\u00e4t: Nehmt die Metro-Linie B (blaue Linie) in Richtung \u201cLaurentina\u201d. Steigt bei \u201cMarconi\u201d aus. Wenn ihr von der U-Bahn herauskommt, geht die Treppen hinunter, \u00fcberquert den Parkplatz und lauft die Rampe nach unten, bis zur Via Ostiense. \u00dcberquert an der Ampel die Stra\u00dfe. Dort seht ihr schon den Eingang der \u201cScuola Lettere Filosofia Lingue\u201d.<\/p>\n\n\n\n<figure class=\"wp-block-image\"><img loading=\"lazy\" decoding=\"async\" width=\"343\" height=\"260\" src=\"https:\/\/bacheca.uniroma3.it\/emlex\/wp-content\/uploads\/sites\/5\/2019\/02\/image-1.png\" alt=\"\" class=\"wp-image-285\" srcset=\"https:\/\/bacheca.uniroma3.it\/emlex\/wp-content\/uploads\/sites\/5\/2019\/02\/image-1.png 343w, https:\/\/bacheca.uniroma3.it\/emlex\/wp-content\/uploads\/sites\/5\/2019\/02\/image-1-300x227.png 300w\" sizes=\"auto, (max-width: 343px) 100vw, 343px\" \/><\/figure>\n\n\n\n<p><\/p>\n\n\n\n<p><strong>Weg zur Aula D<\/strong><\/p>\n\n\n\n<p>Geht durch den Eingangsbereich und biegt am Ende nach rechts ab. Durch die gro\u00dfe Glasfront seht ihr schon den Brunnen. (sieht wie ein Swimming Pool aus ;-))<\/p>\n\n\n\n<figure class=\"wp-block-image\"><img loading=\"lazy\" decoding=\"async\" width=\"379\" height=\"213\" src=\"https:\/\/bacheca.uniroma3.it\/emlex\/wp-content\/uploads\/sites\/5\/2019\/02\/image-2.png\" alt=\"\" class=\"wp-image-287\" srcset=\"https:\/\/bacheca.uniroma3.it\/emlex\/wp-content\/uploads\/sites\/5\/2019\/02\/image-2.png 379w, https:\/\/bacheca.uniroma3.it\/emlex\/wp-content\/uploads\/sites\/5\/2019\/02\/image-2-300x169.png 300w\" sizes=\"auto, (max-width: 379px) 100vw, 379px\" \/><\/figure>\n\n\n\n<p>Geht daran vorbei und lasst den Parkplatz auf der rechten Seite. Ihr erreicht das Geb\u00e4ude \u00fcber eine schmale Rampe, in dem sich die Aula D befindet.<\/p>\n\n\n\n<figure class=\"wp-block-image\"><img loading=\"lazy\" decoding=\"async\" width=\"314\" height=\"559\" src=\"https:\/\/bacheca.uniroma3.it\/emlex\/wp-content\/uploads\/sites\/5\/2019\/02\/image-3.png\" alt=\"\" class=\"wp-image-290\" srcset=\"https:\/\/bacheca.uniroma3.it\/emlex\/wp-content\/uploads\/sites\/5\/2019\/02\/image-3.png 314w, https:\/\/bacheca.uniroma3.it\/emlex\/wp-content\/uploads\/sites\/5\/2019\/02\/image-3-169x300.png 169w\" sizes=\"auto, (max-width: 314px) 100vw, 314px\" \/><\/figure>\n\n\n\n<p>Die Aula D befindet sich im Erdgeschoss des Geb\u00e4udes, die Sala Ambrogio im 2. Stock.<\/p>\n\n\n\n<figure class=\"wp-block-image\"><img loading=\"lazy\" decoding=\"async\" width=\"1024\" height=\"575\" src=\"https:\/\/bacheca.uniroma3.it\/emlex\/wp-content\/uploads\/sites\/5\/2019\/03\/P1130570-1024x575.jpg\" alt=\"\" class=\"wp-image-342\" srcset=\"https:\/\/bacheca.uniroma3.it\/emlex\/wp-content\/uploads\/sites\/5\/2019\/03\/P1130570-1024x575.jpg 1024w, https:\/\/bacheca.uniroma3.it\/emlex\/wp-content\/uploads\/sites\/5\/2019\/03\/P1130570-300x169.jpg 300w, https:\/\/bacheca.uniroma3.it\/emlex\/wp-content\/uploads\/sites\/5\/2019\/03\/P1130570-768x432.jpg 768w, https:\/\/bacheca.uniroma3.it\/emlex\/wp-content\/uploads\/sites\/5\/2019\/03\/P1130570-1536x863.jpg 1536w, https:\/\/bacheca.uniroma3.it\/emlex\/wp-content\/uploads\/sites\/5\/2019\/03\/P1130570-2048x1151.jpg 2048w, https:\/\/bacheca.uniroma3.it\/emlex\/wp-content\/uploads\/sites\/5\/2019\/03\/P1130570-1200x674.jpg 1200w, https:\/\/bacheca.uniroma3.it\/emlex\/wp-content\/uploads\/sites\/5\/2019\/03\/P1130570-1980x1113.jpg 1980w\" sizes=\"auto, (max-width: 1024px) 100vw, 1024px\" \/><figcaption>Aula D<\/figcaption><\/figure>\n\n\n\n<figure class=\"wp-block-image\"><img loading=\"lazy\" decoding=\"async\" width=\"1024\" height=\"575\" src=\"https:\/\/bacheca.uniroma3.it\/emlex\/wp-content\/uploads\/sites\/5\/2019\/03\/P1130562-1024x575.jpg\" alt=\"\" class=\"wp-image-343\" srcset=\"https:\/\/bacheca.uniroma3.it\/emlex\/wp-content\/uploads\/sites\/5\/2019\/03\/P1130562-1024x575.jpg 1024w, https:\/\/bacheca.uniroma3.it\/emlex\/wp-content\/uploads\/sites\/5\/2019\/03\/P1130562-300x169.jpg 300w, https:\/\/bacheca.uniroma3.it\/emlex\/wp-content\/uploads\/sites\/5\/2019\/03\/P1130562-768x432.jpg 768w, https:\/\/bacheca.uniroma3.it\/emlex\/wp-content\/uploads\/sites\/5\/2019\/03\/P1130562-1536x863.jpg 1536w, https:\/\/bacheca.uniroma3.it\/emlex\/wp-content\/uploads\/sites\/5\/2019\/03\/P1130562-2048x1151.jpg 2048w, https:\/\/bacheca.uniroma3.it\/emlex\/wp-content\/uploads\/sites\/5\/2019\/03\/P1130562-1200x674.jpg 1200w, https:\/\/bacheca.uniroma3.it\/emlex\/wp-content\/uploads\/sites\/5\/2019\/03\/P1130562-1980x1113.jpg 1980w\" sizes=\"auto, (max-width: 1024px) 100vw, 1024px\" \/><figcaption>Sala Ambrogio<\/figcaption><\/figure>\n\n\n\n<p><strong>Weg zum Foyer der Aula Magna:<\/strong><\/p>\n\n\n\n<figure class=\"wp-block-image\"><img loading=\"lazy\" decoding=\"async\" width=\"724\" height=\"1024\" src=\"https:\/\/bacheca.uniroma3.it\/emlex\/wp-content\/uploads\/sites\/5\/2019\/03\/Weg-zum-Foyer-1-724x1024.jpg\" alt=\"\" class=\"wp-image-479\" srcset=\"https:\/\/bacheca.uniroma3.it\/emlex\/wp-content\/uploads\/sites\/5\/2019\/03\/Weg-zum-Foyer-1-724x1024.jpg 724w, https:\/\/bacheca.uniroma3.it\/emlex\/wp-content\/uploads\/sites\/5\/2019\/03\/Weg-zum-Foyer-1-212x300.jpg 212w, https:\/\/bacheca.uniroma3.it\/emlex\/wp-content\/uploads\/sites\/5\/2019\/03\/Weg-zum-Foyer-1-768x1086.jpg 768w, https:\/\/bacheca.uniroma3.it\/emlex\/wp-content\/uploads\/sites\/5\/2019\/03\/Weg-zum-Foyer-1-1086x1536.jpg 1086w, https:\/\/bacheca.uniroma3.it\/emlex\/wp-content\/uploads\/sites\/5\/2019\/03\/Weg-zum-Foyer-1-1200x1697.jpg 1200w, https:\/\/bacheca.uniroma3.it\/emlex\/wp-content\/uploads\/sites\/5\/2019\/03\/Weg-zum-Foyer-1.jpg 1240w\" sizes=\"auto, (max-width: 724px) 100vw, 724px\" \/><\/figure>\n","protected":false},"excerpt":{"rendered":"<p>Adresse und Anfahrt zur Universit\u00e4t Universit\u00e0 degli Studi Roma Tre Dipartimento di Lingue Letterature e Culture Straniere Aula D Via Ostiense 236 00146 Roma Tel. +39 06 57338-999 So kommt ihr zu unserer Universit\u00e4t: Nehmt die Metro-Linie B (blaue Linie) in Richtung \u201cLaurentina\u201d. Steigt bei \u201cMarconi\u201d aus. Wenn ihr von der U-Bahn herauskommt, geht die [&hellip;]<\/p>\n","protected":false},"author":2,"featured_media":0,"parent":58,"menu_order":9,"comment_status":"closed","ping_status":"closed","template":"","meta":{"footnotes":""},"class_list":["post-60","page","type-page","status-publish","hentry"],"_links":{"self":[{"href":"https:\/\/bacheca.uniroma3.it\/emlex\/wp-json\/wp\/v2\/pages\/60","targetHints":{"allow":["GET"]}}],"collection":[{"href":"https:\/\/bacheca.uniroma3.it\/emlex\/wp-json\/wp\/v2\/pages"}],"about":[{"href":"https:\/\/bacheca.uniroma3.it\/emlex\/wp-json\/wp\/v2\/types\/page"}],"author":[{"embeddable":true,"href":"https:\/\/bacheca.uniroma3.it\/emlex\/wp-json\/wp\/v2\/users\/2"}],"replies":[{"embeddable":true,"href":"https:\/\/bacheca.uniroma3.it\/emlex\/wp-json\/wp\/v2\/comments?post=60"}],"version-history":[{"count":0,"href":"https:\/\/bacheca.uniroma3.it\/emlex\/wp-json\/wp\/v2\/pages\/60\/revisions"}],"up":[{"embeddable":true,"href":"https:\/\/bacheca.uniroma3.it\/emlex\/wp-json\/wp\/v2\/pages\/58"}],"wp:attachment":[{"href":"https:\/\/bacheca.uniroma3.it\/emlex\/wp-json\/wp\/v2\/media?parent=60"}],"curies":[{"name":"wp","href":"https:\/\/api.w.org\/{rel}","templated":true}]}}