{"id":56,"date":"2019-01-25T10:13:39","date_gmt":"2019-01-25T09:13:39","guid":{"rendered":"http:\/\/lingueletteratureculturestraniere.uniroma3.it\/bacheca\/emlex\/?page_id=56"},"modified":"2019-01-25T10:13:39","modified_gmt":"2019-01-25T09:13:39","slug":"study-plan","status":"publish","type":"page","link":"https:\/\/bacheca.uniroma3.it\/emlex\/study-plan\/","title":{"rendered":"Percorso di studio EMLex"},"content":{"rendered":"\n<p>Il percorso \u00e8 strutturato in quattro semestri (120 CFU). I contenuti coprono i settori centrali nella lessicografia e nella ricerca sui dizionari. I moduli si svolgono sia in modalit\u00e0 online, che in presenza, su tematiche specifiche. <\/p>\n\n\n\n<ol class=\"wp-block-list\"><li><strong>Primo\nsemestre<\/strong><\/li><\/ol>\n\n\n\n<p>Il primo semestre mira a far raggiungere agli studenti un buon livello di conoscenze essenziali in ambito lessicografico e linguistico. Si approfondiscono le competenze della lingua inglese e tedesca. Gli studenti stanno nelle varie universit\u00e0 del programma.<\/p>\n\n\n\n<p><strong>2. Secondo semestre<\/strong><\/p>\n\n\n\n<p>Il secondo semestre si svolge a rotazione di anno in anno presso una delle Universit\u00e0 che partecipano al programma con esperti delle varie universit\u00e0 e studiosi di fama mondiale. Tutti gli studenti iscritti al Master seguiranno insieme le lezioni. Si offrono moduli avanzati (sotto forma di blocchi di seminari) aventi come temi principali la metalessicografia, la storia della lessicografia, l\u2019uso dei dizionari, la lessicografia specialistica e la terminologia, i dizionari per apprendenti, la lessicografia computazionale, i dizionari e traduzione, la lessicologia e l\u2019etimologia, la progettazione e la produzione dei dizionari. <\/p>\n\n\n\n<p><strong>3. Terzo semestre<\/strong><\/p>\n\n\n\n<p>Al terzo semestre gli studenti svolgono un tirocinio di durata plurisettimanale e approfondiscono le conoscenze lessicografiche.<\/p>\n\n\n\n<p><strong>4. Stesura della tesi di laurea <\/strong><\/p>\n\n\n\n<p>Il quarto semestre \u00e8 dedicato alla stesura della tesi. Il relatore \u00e8 dell\u2019Universit\u00e0 degli Studi Roma Tre, il correlatore \u00e8 un esperto di una delle universit\u00e0 del consorzio o dei partner associati.<\/p>\n\n\n\n<p><strong><em>Per ulteriori informazioni v<\/em><\/strong>.<\/p>\n\n\n\n<p><a href=\"https:\/\/www.emlex.phil.fau.eu\/course-of-study\/study-plan\/\">https:\/\/www.emlex.phil.fau.eu\/course-of-study\/study-plan\/<\/a><\/p>\n\n\n\n<p><\/p>\n","protected":false},"excerpt":{"rendered":"<p>Il percorso \u00e8 strutturato in quattro semestri (120 CFU). I contenuti coprono i settori centrali nella lessicografia e nella ricerca sui dizionari. I moduli si svolgono sia in modalit\u00e0 online, che in presenza, su tematiche specifiche. Primo semestre Il primo semestre mira a far raggiungere agli studenti un buon livello di conoscenze essenziali in ambito [&hellip;]<\/p>\n","protected":false},"author":2,"featured_media":0,"parent":0,"menu_order":4,"comment_status":"closed","ping_status":"closed","template":"","meta":{"footnotes":""},"class_list":["post-56","page","type-page","status-publish","hentry"],"_links":{"self":[{"href":"https:\/\/bacheca.uniroma3.it\/emlex\/wp-json\/wp\/v2\/pages\/56","targetHints":{"allow":["GET"]}}],"collection":[{"href":"https:\/\/bacheca.uniroma3.it\/emlex\/wp-json\/wp\/v2\/pages"}],"about":[{"href":"https:\/\/bacheca.uniroma3.it\/emlex\/wp-json\/wp\/v2\/types\/page"}],"author":[{"embeddable":true,"href":"https:\/\/bacheca.uniroma3.it\/emlex\/wp-json\/wp\/v2\/users\/2"}],"replies":[{"embeddable":true,"href":"https:\/\/bacheca.uniroma3.it\/emlex\/wp-json\/wp\/v2\/comments?post=56"}],"version-history":[{"count":0,"href":"https:\/\/bacheca.uniroma3.it\/emlex\/wp-json\/wp\/v2\/pages\/56\/revisions"}],"wp:attachment":[{"href":"https:\/\/bacheca.uniroma3.it\/emlex\/wp-json\/wp\/v2\/media?parent=56"}],"curies":[{"name":"wp","href":"https:\/\/api.w.org\/{rel}","templated":true}]}}