{"id":500,"date":"2019-04-04T18:43:24","date_gmt":"2019-04-04T16:43:24","guid":{"rendered":"http:\/\/lingueletteratureculturestraniere.uniroma3.it\/bacheca\/emlex\/?page_id=500"},"modified":"2019-04-04T18:43:24","modified_gmt":"2019-04-04T16:43:24","slug":"villa-vigoni-thesen","status":"publish","type":"page","link":"https:\/\/bacheca.uniroma3.it\/emlex\/villa-vigoni-thesen\/","title":{"rendered":"Villa-Vigoni-Thesen"},"content":{"rendered":"\n<p> Im November 2018 haben sich 21 Expert\/innen aus deutschen, italienischen, \u00f6sterreichischen und schweizerischen Universit\u00e4ten, Forschungszentren und Verlagen am Comer See getroffen. In der Villa Vigoni, dem Deutsch-Italienischen Zentrum f\u00fcr Europ\u00e4ische Exzellenz, wurde \u00fcber die Zukunft der W\u00f6rterb\u00fccher diskutiert. Die Kernfrage lautete: Wie muss sich die Lexikographie in einer digitalen Gesellschaft weiterentwickeln, in der immer mehr Menschen googeln, statt in einem klassischen W\u00f6rterbuch nachzuschlagen? <\/p>\n\n\n\n<p>Erarbeitet wurden 15 Thesen zu einem reflektierten Umgang mit Internetlexika, welcher auch neue Forschungen an den Universit\u00e4ten inkludiert soll. <\/p>\n\n\n\n<div class=\"wp-block-image\"><figure class=\"aligncenter\"><img loading=\"lazy\" decoding=\"async\" width=\"283\" height=\"127\" src=\"https:\/\/bacheca.uniroma3.it\/emlex\/wp-content\/uploads\/sites\/5\/2019\/04\/Villa-Vigoni-Logo.jpg\" alt=\"\" class=\"wp-image-506\" \/><\/figure><\/div>\n\n\n\n<div class=\"wp-block-file\"><a href=\"https:\/\/bacheca.uniroma3.it\/emlex\/wp-content\/uploads\/sites\/5\/2019\/04\/Villa-Vigoni-Thesen-2018-Deutsch-1.pdf\">Villa Vigoni-Thesen 2018-Deutsch<\/a><a href=\"https:\/\/bacheca.uniroma3.it\/emlex\/wp-content\/uploads\/sites\/5\/2019\/04\/Villa-Vigoni-Thesen-2018-Deutsch-1.pdf\" class=\"wp-block-file__button\" download>Scarica<\/a><\/div>\n\n\n\n<div class=\"wp-block-file\"><a href=\"https:\/\/bacheca.uniroma3.it\/emlex\/wp-content\/uploads\/sites\/5\/2019\/04\/Tesi_Villa-Vigoni2018_Italiano-1.pdf\">Tesi_Villa Vigoni2018_Italiano<\/a><a href=\"https:\/\/bacheca.uniroma3.it\/emlex\/wp-content\/uploads\/sites\/5\/2019\/04\/Tesi_Villa-Vigoni2018_Italiano-1.pdf\" class=\"wp-block-file__button\" download>Scarica<\/a><\/div>\n\n\n\n<div class=\"wp-block-file\"><a href=\"https:\/\/bacheca.uniroma3.it\/emlex\/wp-content\/uploads\/sites\/5\/2019\/04\/Villa-Vigoni-Theses-2018-English-1.pdf\">Villa Vigoni Theses 2018 English<\/a><a href=\"https:\/\/bacheca.uniroma3.it\/emlex\/wp-content\/uploads\/sites\/5\/2019\/04\/Villa-Vigoni-Theses-2018-English-1.pdf\" class=\"wp-block-file__button\" download>Scarica<\/a><\/div>\n\n\n\n<p class=\"has-text-color has-medium-font-size has-vivid-cyan-blue-color\"><strong>Teilnehmer*innen:<\/strong><\/p>\n\n\n\n<ol class=\"wp-block-list\"><li>Dr. Andrea Abel, Eurac\nResearch Bozen<\/li><li>Prof.\nDr. Laura Balbiani, Universit\u00e0&nbsp;della Valle d\u2019Aosta<\/li><li>Wiebke Blanck, Friedrich-Alexander-Universit\u00e4t\nErlangen-N\u00fcrnberg (FAU)<\/li><li>Prof. Dr. Gualtiero Boaglio, Institut\nf\u00fcr Romanistik-Universit\u00e4t Wien<\/li><li>Prof. Dr. Stefan Engelberg, Institut\nf\u00fcr Deutsche Sprache, Mannheim&nbsp;&nbsp;&nbsp;&nbsp;&nbsp;&nbsp;&nbsp;&nbsp;&nbsp; <\/li><li>Dr.\nAnne-Kathrin G\u00e4rtig-Bressan, Universit\u00e0 degli Studi di Trieste&nbsp; <\/li><li>Prof.\nDr. Luisa Giacoma, Universit\u00e0 della Valle d\u2019Aosta<\/li><li>Prof.\nDr. Laura Giacomini, Universit\u00e4t Heidelberg<\/li><li>Prof. Dr. Ulrike Hass,\nUniversit\u00e4t Duisburg-Essen&nbsp;&nbsp;&nbsp; <\/li><li>Prof. Dr. Christine Konecny, Universit\u00e4t Innsbruck&nbsp;&nbsp; <\/li><li>Dr. Kathrin Kunkel-Razum, Bibliographisches Institut GmbH<\/li><li>Dr.\nFabio Mollica, Universit\u00e0 degli Studi di Milano<\/li><li>Dr. Carolin M\u00fcller-Spitzer, Institut f\u00fcr Deutsche Sprache,\nMannheim<\/li><li>Prof.\nDr. Martina Nied, Universit\u00e0 degli Studi Roma 3&nbsp;&nbsp;&nbsp;&nbsp;&nbsp;&nbsp;&nbsp;&nbsp; <\/li><li>Prof.\nLorenza Rega,&nbsp;&nbsp;&nbsp; Universit\u00e0 degli Studi di\nTrieste<\/li><li>Prof.\nAlessandra Riccardi, Universit\u00e0\ndegli Studi di Trieste<\/li><li>Dr. Maren Runte, Z\u00fcrcher Hochschule f\u00fcr Angewandte\nWissenschaften<\/li><li>Prof. Dr. Elmar Schafroth, Universit\u00e4t D\u00fcsseldorf<\/li><li>Prof. Dr. Ruediger Scherpe, Klett Verlag &#8211; ELI<\/li><li>Prof. Dr. Stefan Schierholz, Universit\u00e4t\nErlangen-N\u00fcrnberg<\/li><li>Dr.\nFrancesco Urz\u00ed, Parlamento Europeo, Bruxelles<\/li><\/ol>\n\n\n\n<div class=\"wp-block-image\"><figure class=\"aligncenter is-resized\"><img loading=\"lazy\" decoding=\"async\" src=\"https:\/\/bacheca.uniroma3.it\/emlex\/wp-content\/uploads\/sites\/5\/2019\/04\/Villa-Vigoni-1024x1024.jpg\" alt=\"\" class=\"wp-image-538\" width=\"409\" height=\"409\" srcset=\"https:\/\/bacheca.uniroma3.it\/emlex\/wp-content\/uploads\/sites\/5\/2019\/04\/Villa-Vigoni-1024x1024.jpg 1024w, https:\/\/bacheca.uniroma3.it\/emlex\/wp-content\/uploads\/sites\/5\/2019\/04\/Villa-Vigoni-300x300.jpg 300w, https:\/\/bacheca.uniroma3.it\/emlex\/wp-content\/uploads\/sites\/5\/2019\/04\/Villa-Vigoni-150x150.jpg 150w, https:\/\/bacheca.uniroma3.it\/emlex\/wp-content\/uploads\/sites\/5\/2019\/04\/Villa-Vigoni-768x768.jpg 768w, https:\/\/bacheca.uniroma3.it\/emlex\/wp-content\/uploads\/sites\/5\/2019\/04\/Villa-Vigoni.jpg 1200w\" sizes=\"auto, (max-width: 409px) 100vw, 409px\" \/><\/figure><\/div>\n","protected":false},"excerpt":{"rendered":"<p>Im November 2018 haben sich 21 Expert\/innen aus deutschen, italienischen, \u00f6sterreichischen und schweizerischen Universit\u00e4ten, Forschungszentren und Verlagen am Comer See getroffen. In der Villa Vigoni, dem Deutsch-Italienischen Zentrum f\u00fcr Europ\u00e4ische Exzellenz, wurde \u00fcber die Zukunft der W\u00f6rterb\u00fccher diskutiert. Die Kernfrage lautete: Wie muss sich die Lexikographie in einer digitalen Gesellschaft weiterentwickeln, in der immer mehr [&hellip;]<\/p>\n","protected":false},"author":2,"featured_media":0,"parent":0,"menu_order":0,"comment_status":"closed","ping_status":"closed","template":"","meta":{"footnotes":""},"class_list":["post-500","page","type-page","status-publish","hentry"],"_links":{"self":[{"href":"https:\/\/bacheca.uniroma3.it\/emlex\/wp-json\/wp\/v2\/pages\/500","targetHints":{"allow":["GET"]}}],"collection":[{"href":"https:\/\/bacheca.uniroma3.it\/emlex\/wp-json\/wp\/v2\/pages"}],"about":[{"href":"https:\/\/bacheca.uniroma3.it\/emlex\/wp-json\/wp\/v2\/types\/page"}],"author":[{"embeddable":true,"href":"https:\/\/bacheca.uniroma3.it\/emlex\/wp-json\/wp\/v2\/users\/2"}],"replies":[{"embeddable":true,"href":"https:\/\/bacheca.uniroma3.it\/emlex\/wp-json\/wp\/v2\/comments?post=500"}],"version-history":[{"count":0,"href":"https:\/\/bacheca.uniroma3.it\/emlex\/wp-json\/wp\/v2\/pages\/500\/revisions"}],"wp:attachment":[{"href":"https:\/\/bacheca.uniroma3.it\/emlex\/wp-json\/wp\/v2\/media?parent=500"}],"curies":[{"name":"wp","href":"https:\/\/api.w.org\/{rel}","templated":true}]}}