{"id":73,"date":"2019-05-07T17:59:51","date_gmt":"2019-05-07T15:59:51","guid":{"rendered":"http:\/\/lingueletteratureculturestraniere.uniroma3.it\/bacheca\/archivio-globe\/?page_id=73"},"modified":"2020-09-08T18:28:16","modified_gmt":"2020-09-08T16:28:16","slug":"progetti-di-ricerca","status":"publish","type":"page","link":"https:\/\/bacheca.uniroma3.it\/archivio-globe\/centro-multimediale-llcs\/progetti-di-ricerca\/","title":{"rendered":"Progetti di ricerca"},"content":{"rendered":"\n<div style=\"height:42px\" aria-hidden=\"true\" class=\"wp-block-spacer\"><\/div>\n\n\n\n<ul style=\"list-style-type: disc\">\n<li><span style=\"color: #a31a1a\"><strong>Assegno di ricerca annuale per il &#8220;Le potenzialit\u00e0 del teatro Shakespeariano per l\u2019apprendimento della lingua inglese&#8221;<br><\/strong><\/span><\/li>\n<\/ul>\n\n\n\n<p>L&#8217;assegno di ricerca \u00e8 stato co-finanziato dal Dipartimento di Lingue, Letterature e Culture Straniere dell&#8217;Universit\u00e0 degli Studi Roma Tre e dalla Fondazione Silvano Toti.<\/p>\n\n\n\n<div style=\"height:20px\" aria-hidden=\"true\" class=\"wp-block-spacer\"><\/div>\n\n\n\n<p style=\"text-align: left\">Il programma di ricerca su cui \u00e8 allocato l\u2019assegno nasce da una riflessione sulle mutate condizioni cognitive dei nativi digitali. Tale interesse ha condotto all\u2019ideazione di <a href=\"http:\/\/www.uniroma3.it\/articoli\/pre-le-potenzialita-del-teatroshakespeariano- per-lapprendimento-delle-lingue-straniere-17071\/\" data-wplink-url-error=\"true\">un progetto-pilota realizzato nel 2019 grazie ad un finanziamento ministeriale (\u201cPOT 7 UniSco\u201d)<\/a> che ha visto interagire il Dipartimento di LLCS, il Silvano Toti Globe Theatre e sei istituti scolastici del territorio romano all\u2019insegna del teatro di Shakespeare in un\u2019eccezionale collaborazione, in quello spazio unico, di ricercatori accademici, professionisti del teatro e insegnanti delle scuole. La ricerca \u00e8 volta a raccogliere ed elaborare dati significativi sul confronto dei giovani nati nell&#8217;era digitale con la testualit\u00e0 Shakespeariana (in lingua originale), sia in presenza, nel corso della seconda edizione del progetto di cui sopra, sia a distanza attraverso la costruzione di attivit\u00e0 connesse con l\u2019Archivio Silvano Toti Globe Theatre e il sito ad esso dedicato. I risultati attesi dalla ricerca sul campo costituiranno una base unica per sviluppare riflessioni teoriche e pratiche sull\u2019insegnamento e l\u2019apprendimento della lingua inglese attraverso il teatro Shakespeariano inteso anche come letteratura<br \/>intermediale, ovvero \u2018scrittura in movimento fra i media\u2019.<\/p>\n\n\n\n<div style=\"height:20px\" aria-hidden=\"true\" class=\"wp-block-spacer\"><\/div>\n\n\n\n<p><span style=\"color: #b01313\"><strong>Responsabile scientifico:<\/strong> <\/span>Prof.ssa Maddalena Pennacchia<\/p>\n<p><strong><span style=\"color: #b01313\">Vincitrice dell&#8217;assegno di ricerca:<\/span><\/strong> Dott.ssa Michela Compagnoni<\/p>\n\n\n\n<div style=\"height:20px\" aria-hidden=\"true\" class=\"wp-block-spacer\"><\/div>\n\n\n\n<hr class=\"wp-block-separator has-text-color has-background has-vivid-red-background-color has-vivid-red-color is-style-wide\" \/>\n\n\n\n<div style=\"height:20px\" aria-hidden=\"true\" class=\"wp-block-spacer\"><\/div>\n\n\n\n<ul style=\"list-style-type: disc\">\n<li><span style=\"color: #a31a1a\"><strong>IASEMS Bursary 2020 for a Student Residency at the Globe Theatre, London<br><\/strong><\/span><\/li>\n<\/ul>\n\n\n\n<p>La <a href=\"http:\/\/www.iasems.org\/\">Italian Association of Shakespearean and Early Modern Studies<\/a>, fondata nel 2008 e impegnata in attivit\u00e0 di ricerca scientifica e disseminazione nell&#8217;ambito degli studi shakespeariani e sul Rinascimento inglese, da anni finanzia una borsa di studio per un soggiorno di due settimane presso lo Shakespeare&#8217;s Globe di Londra per un\/a giovane studioso\/a membro dell&#8217;associazione. Il vincitore ha la possibilit\u00e0 di svolgere lavoro di ricerca e partecipare alle attivit\u00e0 culturali del Globe secondo le modalit\u00e0 stabilite dalla sezione Globe Education nel periodo in cui svolger\u00e0 l\u2019internato.<\/p>\n\n\n\n<div style=\"height:20px\" aria-hidden=\"true\" class=\"wp-block-spacer\"><\/div>\n\n\n\n<p style=\"text-align: left\">Nel 2020 la borsa di studio \u00e8 stata vinta dalla <span style=\"color: #a81818\"><strong>Dott.ssa Michela Compagnoni<\/strong><\/span>, membro del Project Team dell&#8217;Archivio Silvano Toti Globe Theatre, sulla base di un progetto di ricerca che prevede di operare un confronto fra i due archivi teatrali, prestando particolare attenzione ai materiali documentari (audiovisivi e paratestuali) relativi a workshop e attivit\u00e0 che il Globe londinese organizza con le scuole.<\/p>\n\n\n\n<p><\/p>\n","protected":false},"excerpt":{"rendered":"<p class=\"continue-reading-button\"> <a class=\"continue-reading-link\" href=\"https:\/\/bacheca.uniroma3.it\/archivio-globe\/centro-multimediale-llcs\/progetti-di-ricerca\/\">Leggi tutto<i class=\"crycon-right-dir\"><\/i><\/a><\/p>\n","protected":false},"author":2,"featured_media":0,"parent":55,"menu_order":2,"comment_status":"closed","ping_status":"closed","template":"","meta":{"footnotes":""},"class_list":["post-73","page","type-page","status-publish","hentry"],"_links":{"self":[{"href":"https:\/\/bacheca.uniroma3.it\/archivio-globe\/wp-json\/wp\/v2\/pages\/73","targetHints":{"allow":["GET"]}}],"collection":[{"href":"https:\/\/bacheca.uniroma3.it\/archivio-globe\/wp-json\/wp\/v2\/pages"}],"about":[{"href":"https:\/\/bacheca.uniroma3.it\/archivio-globe\/wp-json\/wp\/v2\/types\/page"}],"author":[{"embeddable":true,"href":"https:\/\/bacheca.uniroma3.it\/archivio-globe\/wp-json\/wp\/v2\/users\/2"}],"replies":[{"embeddable":true,"href":"https:\/\/bacheca.uniroma3.it\/archivio-globe\/wp-json\/wp\/v2\/comments?post=73"}],"version-history":[{"count":13,"href":"https:\/\/bacheca.uniroma3.it\/archivio-globe\/wp-json\/wp\/v2\/pages\/73\/revisions"}],"predecessor-version":[{"id":2457,"href":"https:\/\/bacheca.uniroma3.it\/archivio-globe\/wp-json\/wp\/v2\/pages\/73\/revisions\/2457"}],"up":[{"embeddable":true,"href":"https:\/\/bacheca.uniroma3.it\/archivio-globe\/wp-json\/wp\/v2\/pages\/55"}],"wp:attachment":[{"href":"https:\/\/bacheca.uniroma3.it\/archivio-globe\/wp-json\/wp\/v2\/media?parent=73"}],"curies":[{"name":"wp","href":"https:\/\/api.w.org\/{rel}","templated":true}]}}